{"id":410472,"date":"2024-04-23T08:47:03","date_gmt":"2024-04-23T06:47:03","guid":{"rendered":"https:\/\/www.allaboutautomation.de\/zurich\/arrivee-hebergement-zurich\/"},"modified":"2024-05-06T11:08:29","modified_gmt":"2024-05-06T09:08:29","slug":"arrivee-hebergement-zurich","status":"publish","type":"page","link":"https:\/\/www.allaboutautomation.de\/fr\/zurich\/arrivee-hebergement-zurich\/","title":{"rendered":"Arriv\u00e9e &#038; h\u00e9bergement Zurich"},"content":{"rendered":"\t\t<div data-elementor-type=\"wp-page\" data-elementor-id=\"410472\" class=\"elementor elementor-410472 elementor-53106\" data-elementor-post-type=\"page\">\n\t\t\t\t\t\t<section class=\"elementor-section elementor-top-section elementor-element elementor-element-52d5ea15 elementor-section-height-min-height elementor-section-items-top elementor-section-boxed elementor-section-height-default\" data-id=\"52d5ea15\" data-element_type=\"section\" data-settings=\"{&quot;background_background&quot;:&quot;classic&quot;}\">\n\t\t\t\t\t\t<div class=\"elementor-container elementor-column-gap-custom\">\n\t\t\t\t\t<div class=\"elementor-column elementor-col-100 elementor-top-column elementor-element elementor-element-1fab6190\" data-id=\"1fab6190\" data-element_type=\"column\">\n\t\t\t<div class=\"elementor-widget-wrap elementor-element-populated\">\n\t\t\t\t\t\t<div class=\"elementor-element elementor-element-749cc13d elementor-widget__width-inherit elementor-widget elementor-widget-heading\" data-id=\"749cc13d\" data-element_type=\"widget\" data-widget_type=\"heading.default\">\n\t\t\t\t<div class=\"elementor-widget-container\">\n\t\t\t\t\t<h1 class=\"elementor-heading-title elementor-size-default\">Anreise &amp; Unterkunft<\/h1>\t\t\t\t<\/div>\n\t\t\t\t<\/div>\n\t\t\t\t<div class=\"elementor-element elementor-element-f2961e3 elementor-widget elementor-widget-text-editor\" data-id=\"f2961e3\" data-element_type=\"widget\" data-widget_type=\"text-editor.default\">\n\t\t\t\t<div class=\"elementor-widget-container\">\n\t\t\t\t\t\t\t\t\t<p>Messe Z\u00fcrich<br \/>\n28 + 29 ao\u00fbt 2024<\/p>\n\t\t\t\t\t\t\t\t<\/div>\n\t\t\t\t<\/div>\n\t\t\t\t\t<\/div>\n\t\t<\/div>\n\t\t\t\t\t<\/div>\n\t\t<\/section>\n\t\t\t\t<section class=\"elementor-section elementor-top-section elementor-element elementor-element-6dddfb65 elementor-section-boxed elementor-section-height-default elementor-section-height-default\" data-id=\"6dddfb65\" data-element_type=\"section\">\n\t\t\t\t\t\t<div class=\"elementor-container elementor-column-gap-custom\">\n\t\t\t\t\t<div class=\"elementor-column elementor-col-100 elementor-top-column elementor-element elementor-element-6e8ebcc\" data-id=\"6e8ebcc\" data-element_type=\"column\">\n\t\t\t<div class=\"elementor-widget-wrap elementor-element-populated\">\n\t\t\t\t\t\t<div class=\"elementor-element elementor-element-5e847322 elementor-widget elementor-widget-spacer\" data-id=\"5e847322\" data-element_type=\"widget\" data-widget_type=\"spacer.default\">\n\t\t\t\t<div class=\"elementor-widget-container\">\n\t\t\t\t\t\t\t<div class=\"elementor-spacer\">\n\t\t\t<div class=\"elementor-spacer-inner\"><\/div>\n\t\t<\/div>\n\t\t\t\t\t\t<\/div>\n\t\t\t\t<\/div>\n\t\t\t\t<section class=\"elementor-section elementor-inner-section elementor-element elementor-element-4c893ce9 elementor-section-boxed elementor-section-height-default elementor-section-height-default\" data-id=\"4c893ce9\" data-element_type=\"section\">\n\t\t\t\t\t\t<div class=\"elementor-container elementor-column-gap-custom\">\n\t\t\t\t\t<div class=\"elementor-column elementor-col-50 elementor-inner-column elementor-element elementor-element-720cead8\" data-id=\"720cead8\" data-element_type=\"column\">\n\t\t\t<div class=\"elementor-widget-wrap elementor-element-populated\">\n\t\t\t\t\t\t<div class=\"elementor-element elementor-element-9ff0dc2 elementor-widget elementor-widget-image\" data-id=\"9ff0dc2\" data-element_type=\"widget\" data-widget_type=\"image.default\">\n\t\t\t\t<div class=\"elementor-widget-container\">\n\t\t\t\t\t\t\t\t\t\t\t\t\t\t\t<img decoding=\"async\" src=\"https:\/\/easyfairsassets.com\/sites\/266\/elementor\/thumbs\/DSC0E1503-px64puci2l930ry25n9glkljl0b9nlohz5f8oakeeo.jpg\" title=\"DSC0E1503\" alt=\"Messe Z\u00fcrich Au\u00dfenansicht\" loading=\"lazy\" \/>\t\t\t\t\t\t\t\t\t\t\t\t\t\t\t<\/div>\n\t\t\t\t<\/div>\n\t\t\t\t<div class=\"elementor-element elementor-element-296bc75 elementor-widget elementor-widget-spacer\" data-id=\"296bc75\" data-element_type=\"widget\" data-widget_type=\"spacer.default\">\n\t\t\t\t<div class=\"elementor-widget-container\">\n\t\t\t\t\t\t\t<div class=\"elementor-spacer\">\n\t\t\t<div class=\"elementor-spacer-inner\"><\/div>\n\t\t<\/div>\n\t\t\t\t\t\t<\/div>\n\t\t\t\t<\/div>\n\t\t\t\t<div class=\"elementor-element elementor-element-348d6e52 elementor-widget elementor-widget-text-editor\" data-id=\"348d6e52\" data-element_type=\"widget\" data-widget_type=\"text-editor.default\">\n\t\t\t\t<div class=\"elementor-widget-container\">\n\t\t\t\t\t\t\t\t\t<h2><b>Lieu &amp; arriv\u00e9e<\/b><\/h2>\n\t\t\t\t\t\t\t\t<\/div>\n\t\t\t\t<\/div>\n\t\t\t\t<div class=\"elementor-element elementor-element-4173c23 elementor-widget elementor-widget-text-editor\" data-id=\"4173c23\" data-element_type=\"widget\" data-widget_type=\"text-editor.default\">\n\t\t\t\t<div class=\"elementor-widget-container\">\n\t\t\t\t\t\t\t\t\t<p>La Messe Z\u00fcrich b\u00e9n\u00e9ficie d&#8217;une situation centrale et facile d&#8217;acc\u00e8s. Que ce soit en train, en transports publics, en train ou en voiture.<\/p>\n<p><b><strong>Adresse de la foire :<\/strong><\/b><\/p>\n<p>Messe Z\u00fcrich<\/p>\n<p>Halles 3 &amp; 4<\/p>\n<p>Wallisellenstrasse 49<\/p>\n<p>8050 Zurich<\/p>\n<p>Suisse<\/p>\n<p><b><strong>Stationnement :<\/strong><\/b><\/p>\n<p>Parking Messe Z\u00fcrich \u00e0 la Hagenholzstrasse 50 (payant)<\/p>\n\t\t\t\t\t\t\t\t<\/div>\n\t\t\t\t<\/div>\n\t\t\t\t<div class=\"elementor-element elementor-element-2950000 elementor-widget__width-auto elementor-widget elementor-widget-button\" data-id=\"2950000\" data-element_type=\"widget\" data-widget_type=\"button.default\">\n\t\t\t\t<div class=\"elementor-widget-container\">\n\t\t\t\t\t\t\t\t\t<div class=\"elementor-button-wrapper\">\n\t\t\t\t\t<a class=\"elementor-button elementor-button-link elementor-size-sm\" href=\"https:\/\/www.messe-zurich.com\/ueber-uns\/anreise\/\" target=\"_blank\">\n\t\t\t\t\t\t<span class=\"elementor-button-content-wrapper\">\n\t\t\t\t\t\t\t\t\t<span class=\"elementor-button-text\">Itin\u00e9raire d\u00e9taill\u00e9<\/span>\n\t\t\t\t\t<\/span>\n\t\t\t\t\t<\/a>\n\t\t\t\t<\/div>\n\t\t\t\t\t\t\t\t<\/div>\n\t\t\t\t<\/div>\n\t\t\t\t<div class=\"elementor-element elementor-element-5a58f758 elementor-widget__width-auto elementor-widget elementor-widget-button\" data-id=\"5a58f758\" data-element_type=\"widget\" data-widget_type=\"button.default\">\n\t\t\t\t<div class=\"elementor-widget-container\">\n\t\t\t\t\t\t\t\t\t<div class=\"elementor-button-wrapper\">\n\t\t\t\t\t<a class=\"elementor-button elementor-button-link elementor-size-sm\" href=\"https:\/\/www.google.com\/maps\/place\/Messe+Z%C3%BCrich\/@47.4114341,8.5511068,17z\/data=!3m1!4b1!4m5!3m4!1s0x47900a82732146c1:0x5da554673a6eaaa6!8m2!3d47.4114341!4d8.5533008\" target=\"_blank\">\n\t\t\t\t\t\t<span class=\"elementor-button-content-wrapper\">\n\t\t\t\t\t\t\t\t\t<span class=\"elementor-button-text\">Google Maps<\/span>\n\t\t\t\t\t<\/span>\n\t\t\t\t\t<\/a>\n\t\t\t\t<\/div>\n\t\t\t\t\t\t\t\t<\/div>\n\t\t\t\t<\/div>\n\t\t\t\t\t<\/div>\n\t\t<\/div>\n\t\t\t\t<div class=\"elementor-column elementor-col-50 elementor-inner-column elementor-element elementor-element-3289a2f5\" data-id=\"3289a2f5\" data-element_type=\"column\">\n\t\t\t<div class=\"elementor-widget-wrap elementor-element-populated\">\n\t\t\t\t\t\t<div class=\"elementor-element elementor-element-02ae4b6 elementor-widget elementor-widget-image\" data-id=\"02ae4b6\" data-element_type=\"widget\" data-widget_type=\"image.default\">\n\t\t\t\t<div class=\"elementor-widget-container\">\n\t\t\t\t\t\t\t\t\t\t\t\t\t\t\t<img decoding=\"async\" src=\"https:\/\/easyfairsassets.com\/sites\/266\/elementor\/thumbs\/point3d-commercial-imaging-ltd-GUno-FetWJM-unsplash-pwcoeav869ag4o8m5acnfizsigzaoub3jkai2hw2y8.jpg\" title=\"point3d-commercial-imaging-ltd-GUno-FetWJM-unsplash\" alt=\"point3d-commercial-imaging-ltd-GUno-FetWJM-unsplash\" loading=\"lazy\" \/>\t\t\t\t\t\t\t\t\t\t\t\t\t\t\t<\/div>\n\t\t\t\t<\/div>\n\t\t\t\t<div class=\"elementor-element elementor-element-1154ef3 elementor-widget elementor-widget-spacer\" data-id=\"1154ef3\" data-element_type=\"widget\" data-widget_type=\"spacer.default\">\n\t\t\t\t<div class=\"elementor-widget-container\">\n\t\t\t\t\t\t\t<div class=\"elementor-spacer\">\n\t\t\t<div class=\"elementor-spacer-inner\"><\/div>\n\t\t<\/div>\n\t\t\t\t\t\t<\/div>\n\t\t\t\t<\/div>\n\t\t\t\t<div class=\"elementor-element elementor-element-5008e43 elementor-widget elementor-widget-text-editor\" data-id=\"5008e43\" data-element_type=\"widget\" data-widget_type=\"text-editor.default\">\n\t\t\t\t<div class=\"elementor-widget-container\">\n\t\t\t\t\t\t\t\t\t<h2><b>H\u00f4tels<\/b><\/h2>\n\t\t\t\t\t\t\t\t<\/div>\n\t\t\t\t<\/div>\n\t\t\t\t<div class=\"elementor-element elementor-element-9d05647 elementor-widget elementor-widget-text-editor\" data-id=\"9d05647\" data-element_type=\"widget\" data-widget_type=\"text-editor.default\">\n\t\t\t\t<div class=\"elementor-widget-container\">\n\t\t\t\t\t\t\t\t\t<p>Nous vous recommandons le service h\u00f4telier gratuit de notre partenaire Hotelservice-Deutschland.de. Par l&#8217;interm\u00e9diaire de notre partenaire, vous pouvez obtenir des chambres \u00e0 des conditions sp\u00e9ciales sp\u00e9cialement am\u00e9nag\u00e9es.<\/p>\n\t\t\t\t\t\t\t\t<\/div>\n\t\t\t\t<\/div>\n\t\t\t\t<div class=\"elementor-element elementor-element-a4acc16 elementor-widget elementor-widget-button\" data-id=\"a4acc16\" data-element_type=\"widget\" data-widget_type=\"button.default\">\n\t\t\t\t<div class=\"elementor-widget-container\">\n\t\t\t\t\t\t\t\t\t<div class=\"elementor-button-wrapper\">\n\t\t\t\t\t<a class=\"elementor-button elementor-button-link elementor-size-sm\" href=\"https:\/\/booking.hotelservice-schweiz.ch\/booking\/congresses\/automationzuerich?locale=de\">\n\t\t\t\t\t\t<span class=\"elementor-button-content-wrapper\">\n\t\t\t\t\t\t\t\t\t<span class=\"elementor-button-text\">Vers le service h\u00f4telier<\/span>\n\t\t\t\t\t<\/span>\n\t\t\t\t\t<\/a>\n\t\t\t\t<\/div>\n\t\t\t\t\t\t\t\t<\/div>\n\t\t\t\t<\/div>\n\t\t\t\t\t<\/div>\n\t\t<\/div>\n\t\t\t\t\t<\/div>\n\t\t<\/section>\n\t\t\t\t\t<\/div>\n\t\t<\/div>\n\t\t\t\t\t<\/div>\n\t\t<\/section>\n\t\t\t\t<section class=\"elementor-section elementor-top-section elementor-element elementor-element-90559d1 elementor-section-boxed elementor-section-height-default elementor-section-height-default\" data-id=\"90559d1\" data-element_type=\"section\">\n\t\t\t\t\t\t<div class=\"elementor-container elementor-column-gap-custom\">\n\t\t\t\t\t<div class=\"elementor-column elementor-col-100 elementor-top-column elementor-element elementor-element-661dfec\" data-id=\"661dfec\" data-element_type=\"column\">\n\t\t\t<div class=\"elementor-widget-wrap elementor-element-populated\">\n\t\t\t\t\t\t<div class=\"elementor-element elementor-element-ad6a03c elementor-widget elementor-widget-google_maps\" data-id=\"ad6a03c\" data-element_type=\"widget\" data-widget_type=\"google_maps.default\">\n\t\t\t\t<div class=\"elementor-widget-container\">\n\t\t\t\t\t\t\t<div class=\"elementor-custom-embed\">\n\t\t\t<iframe loading=\"lazy\"\n\t\t\t\t\tsrc=\"https:\/\/maps.google.com\/maps?q=Messe%20Z%C3%BCrich%20Wallisellenstrasse%2049%208050%20Z%C3%BCrich&#038;t=m&#038;z=10&#038;output=embed&#038;iwloc=near\"\n\t\t\t\t\ttitle=\"Messe Z\u00fcrich Wallisellenstrasse 49 8050 Z\u00fcrich\"\n\t\t\t\t\taria-label=\"Messe Z\u00fcrich Wallisellenstrasse 49 8050 Z\u00fcrich\"\n\t\t\t><\/iframe>\n\t\t<\/div>\n\t\t\t\t\t\t<\/div>\n\t\t\t\t<\/div>\n\t\t\t\t<div class=\"elementor-element elementor-element-7ec68b53 elementor-widget elementor-widget-spacer\" data-id=\"7ec68b53\" data-element_type=\"widget\" data-widget_type=\"spacer.default\">\n\t\t\t\t<div class=\"elementor-widget-container\">\n\t\t\t\t\t\t\t<div class=\"elementor-spacer\">\n\t\t\t<div class=\"elementor-spacer-inner\"><\/div>\n\t\t<\/div>\n\t\t\t\t\t\t<\/div>\n\t\t\t\t<\/div>\n\t\t\t\t\t<\/div>\n\t\t<\/div>\n\t\t\t\t\t<\/div>\n\t\t<\/section>\n\t\t\t\t<\/div>\n\t\t","protected":false},"excerpt":{"rendered":"<p>Anreise &amp; Unterkunft Messe Z\u00fcrich 28 + 29 ao\u00fbt 2024 Lieu &amp; arriv\u00e9e La Messe Z\u00fcrich b\u00e9n\u00e9ficie d&#8217;une situation centrale et facile d&#8217;acc\u00e8s. Que ce soit en train, en transports publics, en train ou en voiture. Adresse de la foire : Messe Z\u00fcrich Halles 3 &amp; 4 Wallisellenstrasse 49 8050 Zurich Suisse Stationnement : Parking [&hellip;]<\/p>\n","protected":false},"author":883,"featured_media":0,"parent":322120,"menu_order":0,"comment_status":"closed","ping_status":"closed","template":"","meta":{"_seopress_robots_primary_cat":"","_seopress_titles_title":"","_seopress_titles_desc":"","_seopress_robots_index":"","footnotes":""},"class_list":["post-410472","page","type-page","status-publish","hentry"],"_links":{"self":[{"href":"https:\/\/www.allaboutautomation.de\/fr\/wp-json\/wp\/v2\/pages\/410472","targetHints":{"allow":["GET"]}}],"collection":[{"href":"https:\/\/www.allaboutautomation.de\/fr\/wp-json\/wp\/v2\/pages"}],"about":[{"href":"https:\/\/www.allaboutautomation.de\/fr\/wp-json\/wp\/v2\/types\/page"}],"author":[{"embeddable":true,"href":"https:\/\/www.allaboutautomation.de\/fr\/wp-json\/wp\/v2\/users\/883"}],"replies":[{"embeddable":true,"href":"https:\/\/www.allaboutautomation.de\/fr\/wp-json\/wp\/v2\/comments?post=410472"}],"version-history":[{"count":3,"href":"https:\/\/www.allaboutautomation.de\/fr\/wp-json\/wp\/v2\/pages\/410472\/revisions"}],"predecessor-version":[{"id":412894,"href":"https:\/\/www.allaboutautomation.de\/fr\/wp-json\/wp\/v2\/pages\/410472\/revisions\/412894"}],"up":[{"embeddable":true,"href":"https:\/\/www.allaboutautomation.de\/fr\/wp-json\/wp\/v2\/pages\/322120"}],"wp:attachment":[{"href":"https:\/\/www.allaboutautomation.de\/fr\/wp-json\/wp\/v2\/media?parent=410472"}],"curies":[{"name":"wp","href":"https:\/\/api.w.org\/{rel}","templated":true}]}}