{"id":53400,"date":"2022-11-02T12:34:40","date_gmt":"2022-11-02T11:34:40","guid":{"rendered":"https:\/\/www.allaboutautomation.de\/?page_id=53400"},"modified":"2026-04-30T14:05:46","modified_gmt":"2026-04-30T12:05:46","slug":"newsletter-abonnieren","status":"publish","type":"page","link":"https:\/\/www.allaboutautomation.de\/de\/newsletter-abonnieren\/","title":{"rendered":"Newsletter abonnieren"},"content":{"rendered":"\t\t<div data-elementor-type=\"wp-page\" data-elementor-id=\"53400\" class=\"elementor elementor-53400\" data-elementor-post-type=\"page\">\n\t\t\t\t\t\t<section class=\"elementor-section elementor-top-section elementor-element elementor-element-847f4f1 elementor-section-height-min-height elementor-section-items-top elementor-section-boxed elementor-section-height-default\" data-id=\"847f4f1\" data-element_type=\"section\" data-settings=\"{&quot;background_background&quot;:&quot;classic&quot;}\">\n\t\t\t\t\t\t<div class=\"elementor-container elementor-column-gap-custom\">\n\t\t\t\t\t<div class=\"elementor-column elementor-col-100 elementor-top-column elementor-element elementor-element-7351a85a\" data-id=\"7351a85a\" data-element_type=\"column\">\n\t\t\t<div class=\"elementor-widget-wrap elementor-element-populated\">\n\t\t\t\t\t\t<div class=\"elementor-element elementor-element-17da337a elementor-widget__width-inherit elementor-widget elementor-widget-heading\" data-id=\"17da337a\" data-element_type=\"widget\" data-widget_type=\"heading.default\">\n\t\t\t\t<div class=\"elementor-widget-container\">\n\t\t\t\t\t<h1 class=\"elementor-heading-title elementor-size-default\">Newsletter Anmeldung<\/h1>\t\t\t\t<\/div>\n\t\t\t\t<\/div>\n\t\t\t\t\t<\/div>\n\t\t<\/div>\n\t\t\t\t\t<\/div>\n\t\t<\/section>\n\t\t\t\t<section class=\"elementor-section elementor-top-section elementor-element elementor-element-d9ee379 elementor-section-boxed elementor-section-height-default elementor-section-height-default\" data-id=\"d9ee379\" data-element_type=\"section\">\n\t\t\t\t\t\t<div class=\"elementor-container elementor-column-gap-custom\">\n\t\t\t\t\t<div class=\"elementor-column elementor-col-100 elementor-top-column elementor-element elementor-element-31563c2\" data-id=\"31563c2\" data-element_type=\"column\">\n\t\t\t<div class=\"elementor-widget-wrap elementor-element-populated\">\n\t\t\t\t\t\t<div class=\"elementor-element elementor-element-36fb54b elementor-widget elementor-widget-spacer\" data-id=\"36fb54b\" data-element_type=\"widget\" data-widget_type=\"spacer.default\">\n\t\t\t\t<div class=\"elementor-widget-container\">\n\t\t\t\t\t\t\t<div class=\"elementor-spacer\">\n\t\t\t<div class=\"elementor-spacer-inner\"><\/div>\n\t\t<\/div>\n\t\t\t\t\t\t<\/div>\n\t\t\t\t<\/div>\n\t\t\t\t<div class=\"elementor-element elementor-element-1cfb12e elementor-widget elementor-widget-heading\" data-id=\"1cfb12e\" data-element_type=\"widget\" data-widget_type=\"heading.default\">\n\t\t\t\t<div class=\"elementor-widget-container\">\n\t\t\t\t\t<h2 class=\"elementor-heading-title elementor-size-default\">Immer top informiert bleiben! <\/h2>\t\t\t\t<\/div>\n\t\t\t\t<\/div>\n\t\t\t\t<div class=\"elementor-element elementor-element-1af6605 elementor-widget elementor-widget-spacer\" data-id=\"1af6605\" data-element_type=\"widget\" data-widget_type=\"spacer.default\">\n\t\t\t\t<div class=\"elementor-widget-container\">\n\t\t\t\t\t\t\t<div class=\"elementor-spacer\">\n\t\t\t<div class=\"elementor-spacer-inner\"><\/div>\n\t\t<\/div>\n\t\t\t\t\t\t<\/div>\n\t\t\t\t<\/div>\n\t\t\t\t<div class=\"elementor-element elementor-element-d596fda elementor-widget elementor-widget-text-editor\" data-id=\"d596fda\" data-element_type=\"widget\" data-widget_type=\"text-editor.default\">\n\t\t\t\t<div class=\"elementor-widget-container\">\n\t\t\t\t\t\t\t\t\t<p>Melden Sie sich hier f\u00fcr den all about automation Verteiler an und erhalten Sie einmal im Monat Innovationen, Branchen-Know-how, Experten-Interviews, Best Practices und Messe-News direkt in Ihr Postfach.<\/p><ul><li>Besucher-Interessenten erhalten zudem exklusive Einladungen &amp; Gratis-Tickets f\u00fcr die Standorte ihrer Wahl.<\/li><li>Aussteller-Interessenten erhalten Top-Infos zu Buchung &amp; Messe-Entwicklung.<\/li><\/ul><p>Jetzt Teil der all about automation Community werden!<\/p>\t\t\t\t\t\t\t\t<\/div>\n\t\t\t\t<\/div>\n\t\t\t\t\t<\/div>\n\t\t<\/div>\n\t\t\t\t\t<\/div>\n\t\t<\/section>\n\t\t\t\t<section class=\"elementor-section elementor-top-section elementor-element elementor-element-d646dc1 elementor-section-boxed elementor-section-height-default elementor-section-height-default\" data-id=\"d646dc1\" data-element_type=\"section\">\n\t\t\t\t\t\t<div class=\"elementor-container elementor-column-gap-custom\">\n\t\t\t\t\t<div class=\"elementor-column elementor-col-100 elementor-top-column elementor-element elementor-element-d588b2d\" data-id=\"d588b2d\" data-element_type=\"column\">\n\t\t\t<div class=\"elementor-widget-wrap elementor-element-populated\">\n\t\t\t\t\t\t<div class=\"elementor-element elementor-element-ae26e32 elementor-button-align-start elementor-widget elementor-widget-form\" data-id=\"ae26e32\" data-element_type=\"widget\" data-settings=\"{&quot;step_next_label&quot;:&quot;Next&quot;,&quot;step_previous_label&quot;:&quot;Previous&quot;,&quot;button_width&quot;:&quot;100&quot;,&quot;step_type&quot;:&quot;number_text&quot;,&quot;step_icon_shape&quot;:&quot;circle&quot;}\" data-widget_type=\"form.default\">\n\t\t\t\t<div class=\"elementor-widget-container\">\n\t\t\t\t\t\t\t<form class=\"elementor-form\" method=\"post\" id=\"newsletter\" name=\"New Form\" aria-label=\"New Form\">\n\t\t\t<input type=\"hidden\" name=\"post_id\" value=\"53400\"\/>\n\t\t\t<input type=\"hidden\" name=\"form_id\" value=\"ae26e32\"\/>\n\t\t\t<input type=\"hidden\" name=\"referer_title\" value=\"\" \/>\n\n\t\t\t\n\t\t\t<div class=\"elementor-form-fields-wrapper elementor-labels-\">\n\t\t\t\t\t\t\t\t<div class=\"elementor-field-type-checkbox elementor-field-group elementor-column elementor-field-group-Civility elementor-col-100\">\n\t\t\t\t\t\t\t\t\t\t\t\t<label for=\"form-field-Civility\" class=\"elementor-field-label elementor-screen-only\">\n\t\t\t\t\t\t\t\tAnrede\t\t\t\t\t\t\t<\/label>\n\t\t\t\t\t\t<div class=\"elementor-field-subgroup  elementor-subgroup-inline\"><span class=\"elementor-field-option\"><input type=\"checkbox\" value=\" M\" id=\"form-field-Civility-0\" name=\"form_fields[Civility][]\"> <label for=\"form-field-Civility-0\">Herr <\/label><\/span><span class=\"elementor-field-option\"><input type=\"checkbox\" value=\" F\" id=\"form-field-Civility-1\" name=\"form_fields[Civility][]\"> <label for=\"form-field-Civility-1\">Frau <\/label><\/span><span class=\"elementor-field-option\"><input type=\"checkbox\" value=\" D\" id=\"form-field-Civility-2\" name=\"form_fields[Civility][]\"> <label for=\"form-field-Civility-2\">Divers <\/label><\/span><\/div>\t\t\t\t<\/div>\n\t\t\t\t\t\t\t\t<div class=\"elementor-field-type-text elementor-field-group elementor-column elementor-field-group-Firstname elementor-col-50 elementor-field-required\">\n\t\t\t\t\t\t\t\t\t\t\t\t<label for=\"form-field-Firstname\" class=\"elementor-field-label elementor-screen-only\">\n\t\t\t\t\t\t\t\tVorname\t\t\t\t\t\t\t<\/label>\n\t\t\t\t\t\t\t\t\t\t\t\t\t\t<input size=\"1\" type=\"text\" name=\"form_fields[Firstname]\" id=\"form-field-Firstname\" class=\"elementor-field elementor-size-sm  elementor-field-textual\" placeholder=\"Vorname*\" required=\"required\">\n\t\t\t\t\t\t\t\t\t\t\t<\/div>\n\t\t\t\t\t\t\t\t<div class=\"elementor-field-type-text elementor-field-group elementor-column elementor-field-group-Lastname elementor-col-50 elementor-field-required\">\n\t\t\t\t\t\t\t\t\t\t\t\t<label for=\"form-field-Lastname\" class=\"elementor-field-label elementor-screen-only\">\n\t\t\t\t\t\t\t\tNachname\t\t\t\t\t\t\t<\/label>\n\t\t\t\t\t\t\t\t\t\t\t\t\t\t<input size=\"1\" type=\"text\" name=\"form_fields[Lastname]\" id=\"form-field-Lastname\" class=\"elementor-field elementor-size-sm  elementor-field-textual\" placeholder=\"Nachname*\" required=\"required\">\n\t\t\t\t\t\t\t\t\t\t\t<\/div>\n\t\t\t\t\t\t\t\t<div class=\"elementor-field-type-email elementor-field-group elementor-column elementor-field-group-Email elementor-col-50 elementor-field-required\">\n\t\t\t\t\t\t\t\t\t\t\t\t<label for=\"form-field-Email\" class=\"elementor-field-label elementor-screen-only\">\n\t\t\t\t\t\t\t\tEmail\t\t\t\t\t\t\t<\/label>\n\t\t\t\t\t\t\t\t\t\t\t\t\t\t<input size=\"1\" type=\"email\" name=\"form_fields[Email]\" id=\"form-field-Email\" class=\"elementor-field elementor-size-sm  elementor-field-textual\" placeholder=\"E-Mail*\" required=\"required\">\n\t\t\t\t\t\t\t\t\t\t\t<\/div>\n\t\t\t\t\t\t\t\t<div class=\"elementor-field-type-text elementor-field-group elementor-column elementor-field-group-PLZ elementor-col-50\">\n\t\t\t\t\t\t\t\t\t\t\t\t<label for=\"form-field-PLZ\" class=\"elementor-field-label elementor-screen-only\">\n\t\t\t\t\t\t\t\tPostleitzahl\t\t\t\t\t\t\t<\/label>\n\t\t\t\t\t\t\t\t\t\t\t\t\t\t<input size=\"1\" type=\"text\" name=\"form_fields[PLZ]\" id=\"form-field-PLZ\" class=\"elementor-field elementor-size-sm  elementor-field-textual\" placeholder=\"Postleitzahl\">\n\t\t\t\t\t\t\t\t\t\t\t<\/div>\n\t\t\t\t\t\t\t\t<div class=\"elementor-field-type-html elementor-field-group elementor-column elementor-field-group-field_9ce4aeb elementor-col-100\">\n\t\t\t\t\t<strong>Ich bin interessiert als*<\/strong>\n\t\t\t\t<\/div>\n\t\t\t\t\t\t\t\t<div class=\"elementor-field-type-checkbox elementor-field-group elementor-column elementor-field-group-YourRole elementor-col-100\">\n\t\t\t\t\t\t\t\t\t\t\t\t<label for=\"form-field-YourRole\" class=\"elementor-field-label elementor-screen-only\">\n\t\t\t\t\t\t\t\tInterest\t\t\t\t\t\t\t<\/label>\n\t\t\t\t\t\t<div class=\"elementor-field-subgroup  elementor-subgroup-inline\"><span class=\"elementor-field-option\"><input type=\"checkbox\" value=\"Visitor\" id=\"form-field-YourRole-0\" name=\"form_fields[YourRole][]\"> <label for=\"form-field-YourRole-0\">Besucher<\/label><\/span><span class=\"elementor-field-option\"><input type=\"checkbox\" value=\"Exhibitor\" id=\"form-field-YourRole-1\" name=\"form_fields[YourRole][]\"> <label for=\"form-field-YourRole-1\">Aussteller<\/label><\/span><\/div>\t\t\t\t<\/div>\n\t\t\t\t\t\t\t\t<div class=\"elementor-field-type-html elementor-field-group elementor-column elementor-field-group-field_b13ac43 elementor-col-100\">\n\t\t\t\t\t<strong>Mein Interesse gilt dem Standort \/ den Standorten:*<\/strong>\t\t\t\t<\/div>\n\t\t\t\t\t\t\t\t<div class=\"elementor-field-type-checkbox elementor-field-group elementor-column elementor-field-group-Location elementor-col-100\">\n\t\t\t\t\t\t\t\t\t\t\t\t<label for=\"form-field-Location\" class=\"elementor-field-label elementor-screen-only\">\n\t\t\t\t\t\t\t\tLocation\t\t\t\t\t\t\t<\/label>\n\t\t\t\t\t\t<div class=\"elementor-field-subgroup  elementor-subgroup-inline\"><span class=\"elementor-field-option\"><input type=\"checkbox\" value=\"Berlin\" id=\"form-field-Location-0\" name=\"form_fields[Location][]\"> <label for=\"form-field-Location-0\">Berlin<\/label><\/span><span class=\"elementor-field-option\"><input type=\"checkbox\" value=\"Chemnitz\" id=\"form-field-Location-1\" name=\"form_fields[Location][]\"> <label for=\"form-field-Location-1\">Chemnitz<\/label><\/span><span class=\"elementor-field-option\"><input type=\"checkbox\" value=\"D\u00fcsseldorf\" id=\"form-field-Location-2\" name=\"form_fields[Location][]\"> <label for=\"form-field-Location-2\">D\u00fcsseldorf<\/label><\/span><span class=\"elementor-field-option\"><input type=\"checkbox\" value=\"Friedrichshafen\" id=\"form-field-Location-3\" name=\"form_fields[Location][]\"> <label for=\"form-field-Location-3\">Friedrichshafen<\/label><\/span><span class=\"elementor-field-option\"><input type=\"checkbox\" value=\"Graz\" id=\"form-field-Location-4\" name=\"form_fields[Location][]\"> <label for=\"form-field-Location-4\">Graz<\/label><\/span><span class=\"elementor-field-option\"><input type=\"checkbox\" value=\"Hamburg\" id=\"form-field-Location-5\" name=\"form_fields[Location][]\"> <label for=\"form-field-Location-5\">Hamburg<\/label><\/span><span class=\"elementor-field-option\"><input type=\"checkbox\" value=\"Heilbronn\" id=\"form-field-Location-6\" name=\"form_fields[Location][]\"> <label for=\"form-field-Location-6\">Heilbronn<\/label><\/span><span class=\"elementor-field-option\"><input type=\"checkbox\" value=\"Straubing\" id=\"form-field-Location-7\" name=\"form_fields[Location][]\"> <label for=\"form-field-Location-7\">Straubing<\/label><\/span><span class=\"elementor-field-option\"><input type=\"checkbox\" value=\"Wels\" id=\"form-field-Location-8\" name=\"form_fields[Location][]\"> <label for=\"form-field-Location-8\">Wels<\/label><\/span><span class=\"elementor-field-option\"><input type=\"checkbox\" value=\"Wetzlar\" id=\"form-field-Location-9\" name=\"form_fields[Location][]\"> <label for=\"form-field-Location-9\">Wetzlar<\/label><\/span><span class=\"elementor-field-option\"><input type=\"checkbox\" value=\"Z\u00fcrich\" id=\"form-field-Location-10\" name=\"form_fields[Location][]\"> <label for=\"form-field-Location-10\">Z\u00fcrich<\/label><\/span><\/div>\t\t\t\t<\/div>\n\t\t\t\t\t\t\t\t<div class=\"elementor-field-type-acceptance elementor-field-group elementor-column elementor-field-group-OptIn elementor-col-100 elementor-field-required\">\n\t\t\t\t\t\t\t\t\t\t\t\t<label for=\"form-field-OptIn\" class=\"elementor-field-label elementor-screen-only\">\n\t\t\t\t\t\t\t\tDatenschutz\t\t\t\t\t\t\t<\/label>\n\t\t\t\t\t\t\t\t<div class=\"elementor-field-subgroup\">\n\t\t\t<span class=\"elementor-field-option\">\n\t\t\t\t<input type=\"checkbox\" name=\"form_fields[OptIn]\" id=\"form-field-OptIn\" class=\"elementor-field elementor-size-sm  elementor-acceptance-field\" required=\"required\">\n\t\t\t\t<label for=\"form-field-OptIn\">Mit der \u00dcbermittlung Ihrer Daten erkl\u00e4ren Sie sich damit einverstanden, von uns Mitteilungen, einschlie\u00dflich Newsletter, zu erhalten. Sie k\u00f6nnen Ihre Einverst\u00e4ndniserkl\u00e4rung jederzeit widerrufen. Weitere Informationen in unserer <a href=\"https:\/\/www.easyfairs.com\/privacy-policy\/\">Datenschutzrichtlinie<\/a>.<\/label>\t\t\t<\/span>\n\t\t<\/div>\n\t\t\t\t\t\t<\/div>\n\t\t\t\t\t\t\t\t<div class=\"elementor-field-group elementor-column elementor-field-type-submit elementor-col-100 e-form__buttons\">\n\t\t\t\t\t<button class=\"elementor-button elementor-size-sm\" type=\"submit\">\n\t\t\t\t\t\t<span class=\"elementor-button-content-wrapper\">\n\t\t\t\t\t\t\t\t\t\t\t\t\t\t\t\t\t\t\t\t\t\t<span class=\"elementor-button-text\">Absenden<\/span>\n\t\t\t\t\t\t\t\t\t\t\t\t\t<\/span>\n\t\t\t\t\t<\/button>\n\t\t\t\t<\/div>\n\t\t\t<\/div>\n\t\t<\/form>\n\t\t\t\t\t\t<\/div>\n\t\t\t\t<\/div>\n\t\t\t\t<div class=\"elementor-element elementor-element-c10c204 elementor-widget elementor-widget-spacer\" data-id=\"c10c204\" data-element_type=\"widget\" data-widget_type=\"spacer.default\">\n\t\t\t\t<div class=\"elementor-widget-container\">\n\t\t\t\t\t\t\t<div class=\"elementor-spacer\">\n\t\t\t<div class=\"elementor-spacer-inner\"><\/div>\n\t\t<\/div>\n\t\t\t\t\t\t<\/div>\n\t\t\t\t<\/div>\n\t\t\t\t\t<\/div>\n\t\t<\/div>\n\t\t\t\t\t<\/div>\n\t\t<\/section>\n\t\t\t\t<\/div>\n\t\t","protected":false},"excerpt":{"rendered":"<p>Newsletter Anmeldung Immer top informiert bleiben! Melden Sie sich hier f\u00fcr den all about automation Verteiler an und erhalten Sie einmal im Monat Innovationen, Branchen-Know-how, Experten-Interviews, Best Practices und Messe-News direkt in Ihr Postfach. Besucher-Interessenten erhalten zudem exklusive Einladungen &amp; Gratis-Tickets f\u00fcr die Standorte ihrer Wahl. Aussteller-Interessenten erhalten Top-Infos zu Buchung &amp; Messe-Entwicklung. Jetzt Teil [&hellip;]<\/p>\n","protected":false},"author":883,"featured_media":0,"parent":0,"menu_order":0,"comment_status":"closed","ping_status":"closed","template":"","meta":{"_seopress_robots_primary_cat":"","_seopress_titles_title":"all about automation | Newsletteranmeldung","_seopress_titles_desc":"Vielen Dank. Ihre Newsletteranmeldung wurde erfolgreich best\u00e4tigt.","_seopress_robots_index":"","footnotes":""},"class_list":["post-53400","page","type-page","status-publish","hentry"],"_links":{"self":[{"href":"https:\/\/www.allaboutautomation.de\/de\/wp-json\/wp\/v2\/pages\/53400","targetHints":{"allow":["GET"]}}],"collection":[{"href":"https:\/\/www.allaboutautomation.de\/de\/wp-json\/wp\/v2\/pages"}],"about":[{"href":"https:\/\/www.allaboutautomation.de\/de\/wp-json\/wp\/v2\/types\/page"}],"author":[{"embeddable":true,"href":"https:\/\/www.allaboutautomation.de\/de\/wp-json\/wp\/v2\/users\/883"}],"replies":[{"embeddable":true,"href":"https:\/\/www.allaboutautomation.de\/de\/wp-json\/wp\/v2\/comments?post=53400"}],"version-history":[{"count":5,"href":"https:\/\/www.allaboutautomation.de\/de\/wp-json\/wp\/v2\/pages\/53400\/revisions"}],"predecessor-version":[{"id":457553,"href":"https:\/\/www.allaboutautomation.de\/de\/wp-json\/wp\/v2\/pages\/53400\/revisions\/457553"}],"wp:attachment":[{"href":"https:\/\/www.allaboutautomation.de\/de\/wp-json\/wp\/v2\/media?parent=53400"}],"curies":[{"name":"wp","href":"https:\/\/api.w.org\/{rel}","templated":true}]}}