{"id":53106,"date":"2022-10-26T15:08:16","date_gmt":"2022-10-26T13:08:16","guid":{"rendered":"https:\/\/www.allaboutautomation.de\/?page_id=53106"},"modified":"2025-11-14T14:22:13","modified_gmt":"2025-11-14T13:22:13","slug":"anreise-unterkunft-zuerich","status":"publish","type":"page","link":"https:\/\/www.allaboutautomation.de\/de\/zuerich\/anreise-unterkunft-zuerich\/","title":{"rendered":"Anreise &#038; Unterkunft Z\u00fcrich"},"content":{"rendered":"\t\t<div data-elementor-type=\"wp-page\" data-elementor-id=\"53106\" class=\"elementor elementor-53106\" data-elementor-post-type=\"page\">\n\t\t\t\t\t\t<section class=\"elementor-section elementor-top-section elementor-element elementor-element-52d5ea15 elementor-section-height-min-height elementor-section-items-top elementor-section-boxed elementor-section-height-default\" data-id=\"52d5ea15\" data-element_type=\"section\" data-settings=\"{&quot;background_background&quot;:&quot;classic&quot;}\">\n\t\t\t\t\t\t<div class=\"elementor-container elementor-column-gap-custom\">\n\t\t\t\t\t<div class=\"elementor-column elementor-col-100 elementor-top-column elementor-element elementor-element-1fab6190\" data-id=\"1fab6190\" data-element_type=\"column\">\n\t\t\t<div class=\"elementor-widget-wrap elementor-element-populated\">\n\t\t\t\t\t\t<div class=\"elementor-element elementor-element-749cc13d elementor-widget__width-inherit elementor-widget elementor-widget-heading\" data-id=\"749cc13d\" data-element_type=\"widget\" data-widget_type=\"heading.default\">\n\t\t\t\t<div class=\"elementor-widget-container\">\n\t\t\t\t\t<h1 class=\"elementor-heading-title elementor-size-default\">Anreise &amp; Unterkunft<\/h1>\t\t\t\t<\/div>\n\t\t\t\t<\/div>\n\t\t\t\t<div class=\"elementor-element elementor-element-f2961e3 elementor-widget elementor-widget-text-editor\" data-id=\"f2961e3\" data-element_type=\"widget\" data-widget_type=\"text-editor.default\">\n\t\t\t\t<div class=\"elementor-widget-container\">\n\t\t\t\t\t\t\t\t\t<p class=\"elementor-heading-title elementor-size-default elementor-inline-editing pen\" style=\"font-style: normal; margin-bottom: 0px; line-height: 1.2; text-transform: none; text-decoration: none; letter-spacing: normal; word-spacing: 0px;\" data-elementor-setting-key=\"title\" data-pen-placeholder=\"Type Here...\">Messe Z\u00fcrich<br \/>26. + 27. August 2026<\/p>\t\t\t\t\t\t\t\t<\/div>\n\t\t\t\t<\/div>\n\t\t\t\t\t<\/div>\n\t\t<\/div>\n\t\t\t\t\t<\/div>\n\t\t<\/section>\n\t\t\t\t<section class=\"elementor-section elementor-top-section elementor-element elementor-element-6dddfb65 elementor-section-boxed elementor-section-height-default elementor-section-height-default\" data-id=\"6dddfb65\" data-element_type=\"section\">\n\t\t\t\t\t\t<div class=\"elementor-container elementor-column-gap-custom\">\n\t\t\t\t\t<div class=\"elementor-column elementor-col-100 elementor-top-column elementor-element elementor-element-6e8ebcc\" data-id=\"6e8ebcc\" data-element_type=\"column\">\n\t\t\t<div class=\"elementor-widget-wrap elementor-element-populated\">\n\t\t\t\t\t\t<div class=\"elementor-element elementor-element-5e847322 elementor-widget elementor-widget-spacer\" data-id=\"5e847322\" data-element_type=\"widget\" data-widget_type=\"spacer.default\">\n\t\t\t\t<div class=\"elementor-widget-container\">\n\t\t\t\t\t\t\t<div class=\"elementor-spacer\">\n\t\t\t<div class=\"elementor-spacer-inner\"><\/div>\n\t\t<\/div>\n\t\t\t\t\t\t<\/div>\n\t\t\t\t<\/div>\n\t\t\t\t<section class=\"elementor-section elementor-inner-section elementor-element elementor-element-4c893ce9 elementor-section-boxed elementor-section-height-default elementor-section-height-default\" data-id=\"4c893ce9\" data-element_type=\"section\">\n\t\t\t\t\t\t<div class=\"elementor-container elementor-column-gap-custom\">\n\t\t\t\t\t<div class=\"elementor-column elementor-col-50 elementor-inner-column elementor-element elementor-element-720cead8\" data-id=\"720cead8\" data-element_type=\"column\">\n\t\t\t<div class=\"elementor-widget-wrap elementor-element-populated\">\n\t\t\t\t\t\t<div class=\"elementor-element elementor-element-9ff0dc2 elementor-widget elementor-widget-image\" data-id=\"9ff0dc2\" data-element_type=\"widget\" data-widget_type=\"image.default\">\n\t\t\t\t<div class=\"elementor-widget-container\">\n\t\t\t\t\t\t\t\t\t\t\t\t\t\t\t<img decoding=\"async\" src=\"https:\/\/easyfairsassets.com\/sites\/266\/elementor\/thumbs\/DSC0E1503-px64puci2l930ry25n9glkljl0b9nlohz5f8oakeeo.jpg\" title=\"DSC0E1503\" alt=\"aaa Z\u00fcrich Au\u00dfenansicht\" loading=\"lazy\" \/>\t\t\t\t\t\t\t\t\t\t\t\t\t\t\t<\/div>\n\t\t\t\t<\/div>\n\t\t\t\t<div class=\"elementor-element elementor-element-296bc75 elementor-widget elementor-widget-spacer\" data-id=\"296bc75\" data-element_type=\"widget\" data-widget_type=\"spacer.default\">\n\t\t\t\t<div class=\"elementor-widget-container\">\n\t\t\t\t\t\t\t<div class=\"elementor-spacer\">\n\t\t\t<div class=\"elementor-spacer-inner\"><\/div>\n\t\t<\/div>\n\t\t\t\t\t\t<\/div>\n\t\t\t\t<\/div>\n\t\t\t\t<div class=\"elementor-element elementor-element-348d6e52 elementor-widget elementor-widget-text-editor\" data-id=\"348d6e52\" data-element_type=\"widget\" data-widget_type=\"text-editor.default\">\n\t\t\t\t<div class=\"elementor-widget-container\">\n\t\t\t\t\t\t\t\t\t<h2><span style=\"color: var( --e-global-color-primary ); font-family: var( --e-global-typography-secondary-font-family ); font-size: var( --e-global-typography-secondary-font-size ); font-style: var( --e-global-typography-secondary-font-style ); letter-spacing: var( --e-global-typography-secondary-letter-spacing ); text-transform: var( --e-global-typography-secondary-text-transform ); word-spacing: var( --e-global-typography-secondary-word-spacing ); text-decoration: var( --e-global-typography-secondary-text-decoration ); background-color: var(--ast-global-color-5);\">Ort &amp; Ankunft<\/span><\/h2>\t\t\t\t\t\t\t\t<\/div>\n\t\t\t\t<\/div>\n\t\t\t\t<div class=\"elementor-element elementor-element-4173c23 elementor-widget elementor-widget-text-editor\" data-id=\"4173c23\" data-element_type=\"widget\" data-widget_type=\"text-editor.default\">\n\t\t\t\t<div class=\"elementor-widget-container\">\n\t\t\t\t\t\t\t\t\t<p>Die Messe Z\u00fcrich ist zentral und verkehrsg\u00fcnstig gelegen. Ob mit der Bahn, dem \u00f6ffentlichen Nahverkehr, der Bahn oder dem Auto.&nbsp;<\/p>\n<p><strong>Anschrift: <\/strong><br>Messe Z\u00fcrich<br>Halle 1 &amp; 2<br>Wallisellenstrasse 49<br>8050 Z\u00fcrich<br>Schweiz<\/p>\n<p><strong>Parken: <\/strong><br>Parkhaus Messe Z\u00fcrich an der Hagenholzstrasse 50 (kostenpflichtig)<\/p>\t\t\t\t\t\t\t\t<\/div>\n\t\t\t\t<\/div>\n\t\t\t\t<div class=\"elementor-element elementor-element-2950000 elementor-widget__width-auto elementor-widget elementor-widget-button\" data-id=\"2950000\" data-element_type=\"widget\" data-widget_type=\"button.default\">\n\t\t\t\t<div class=\"elementor-widget-container\">\n\t\t\t\t\t\t\t\t\t<div class=\"elementor-button-wrapper\">\n\t\t\t\t\t<a class=\"elementor-button elementor-button-link elementor-size-sm\" href=\"https:\/\/www.messe-zurich.com\/ueber-uns\/anreise\/\" target=\"_blank\">\n\t\t\t\t\t\t<span class=\"elementor-button-content-wrapper\">\n\t\t\t\t\t\t\t\t\t<span class=\"elementor-button-text\">Detaillierte Anfahrt<\/span>\n\t\t\t\t\t<\/span>\n\t\t\t\t\t<\/a>\n\t\t\t\t<\/div>\n\t\t\t\t\t\t\t\t<\/div>\n\t\t\t\t<\/div>\n\t\t\t\t<div class=\"elementor-element elementor-element-5a58f758 elementor-widget__width-auto elementor-widget elementor-widget-button\" data-id=\"5a58f758\" data-element_type=\"widget\" data-widget_type=\"button.default\">\n\t\t\t\t<div class=\"elementor-widget-container\">\n\t\t\t\t\t\t\t\t\t<div class=\"elementor-button-wrapper\">\n\t\t\t\t\t<a class=\"elementor-button elementor-button-link elementor-size-sm\" href=\"https:\/\/www.google.com\/maps\/place\/Messe+Z%C3%BCrich\/@47.4114341,8.5511068,17z\/data=!3m1!4b1!4m5!3m4!1s0x47900a82732146c1:0x5da554673a6eaaa6!8m2!3d47.4114341!4d8.5533008\" target=\"_blank\">\n\t\t\t\t\t\t<span class=\"elementor-button-content-wrapper\">\n\t\t\t\t\t\t\t\t\t<span class=\"elementor-button-text\">Zu Google Maps<\/span>\n\t\t\t\t\t<\/span>\n\t\t\t\t\t<\/a>\n\t\t\t\t<\/div>\n\t\t\t\t\t\t\t\t<\/div>\n\t\t\t\t<\/div>\n\t\t\t\t\t<\/div>\n\t\t<\/div>\n\t\t\t\t<div class=\"elementor-column elementor-col-50 elementor-inner-column elementor-element elementor-element-3289a2f5\" data-id=\"3289a2f5\" data-element_type=\"column\">\n\t\t\t<div class=\"elementor-widget-wrap elementor-element-populated\">\n\t\t\t\t\t\t<div class=\"elementor-element elementor-element-02ae4b6 elementor-widget elementor-widget-image\" data-id=\"02ae4b6\" data-element_type=\"widget\" data-widget_type=\"image.default\">\n\t\t\t\t<div class=\"elementor-widget-container\">\n\t\t\t\t\t\t\t\t\t\t\t\t\t\t\t<img decoding=\"async\" src=\"https:\/\/easyfairsassets.com\/sites\/266\/elementor\/thumbs\/point3d-commercial-imaging-ltd-GUno-FetWJM-unsplash-pwcoeav869ag4o8m5acnfizsigzaoub3jkai2hw2y8.jpg\" title=\"point3d-commercial-imaging-ltd-GUno-FetWJM-unsplash\" alt=\"point3d-commercial-imaging-ltd-GUno-FetWJM-unsplash\" loading=\"lazy\" \/>\t\t\t\t\t\t\t\t\t\t\t\t\t\t\t<\/div>\n\t\t\t\t<\/div>\n\t\t\t\t<div class=\"elementor-element elementor-element-1154ef3 elementor-widget elementor-widget-spacer\" data-id=\"1154ef3\" data-element_type=\"widget\" data-widget_type=\"spacer.default\">\n\t\t\t\t<div class=\"elementor-widget-container\">\n\t\t\t\t\t\t\t<div class=\"elementor-spacer\">\n\t\t\t<div class=\"elementor-spacer-inner\"><\/div>\n\t\t<\/div>\n\t\t\t\t\t\t<\/div>\n\t\t\t\t<\/div>\n\t\t\t\t<div class=\"elementor-element elementor-element-5008e43 elementor-widget elementor-widget-text-editor\" data-id=\"5008e43\" data-element_type=\"widget\" data-widget_type=\"text-editor.default\">\n\t\t\t\t<div class=\"elementor-widget-container\">\n\t\t\t\t\t\t\t\t\t<h2>Hotels<\/h2>\t\t\t\t\t\t\t\t<\/div>\n\t\t\t\t<\/div>\n\t\t\t\t<div class=\"elementor-element elementor-element-9d05647 elementor-widget elementor-widget-text-editor\" data-id=\"9d05647\" data-element_type=\"widget\" data-widget_type=\"text-editor.default\">\n\t\t\t\t<div class=\"elementor-widget-container\">\n\t\t\t\t\t\t\t\t\t<p>Wir empfehlen Ihnen den Gratis-Hotelservice unseres Partners Hotelservice-Deutschland.de. \u00dcber unseren Partner erhalten Sie Zimmer zu speziell eingerichteten Sonderkonditionen.<\/p>\t\t\t\t\t\t\t\t<\/div>\n\t\t\t\t<\/div>\n\t\t\t\t<div class=\"elementor-element elementor-element-a4acc16 elementor-widget elementor-widget-button\" data-id=\"a4acc16\" data-element_type=\"widget\" data-widget_type=\"button.default\">\n\t\t\t\t<div class=\"elementor-widget-container\">\n\t\t\t\t\t\t\t\t\t<div class=\"elementor-button-wrapper\">\n\t\t\t\t\t<a class=\"elementor-button elementor-button-link elementor-size-sm\" href=\"https:\/\/booking.hotelservice-schweiz.ch\/booking\/congresses\/automationzuerich?locale=de\">\n\t\t\t\t\t\t<span class=\"elementor-button-content-wrapper\">\n\t\t\t\t\t\t\t\t\t<span class=\"elementor-button-text\">Zum Hotelservice<\/span>\n\t\t\t\t\t<\/span>\n\t\t\t\t\t<\/a>\n\t\t\t\t<\/div>\n\t\t\t\t\t\t\t\t<\/div>\n\t\t\t\t<\/div>\n\t\t\t\t\t<\/div>\n\t\t<\/div>\n\t\t\t\t\t<\/div>\n\t\t<\/section>\n\t\t\t\t\t<\/div>\n\t\t<\/div>\n\t\t\t\t\t<\/div>\n\t\t<\/section>\n\t\t\t\t<section class=\"elementor-section elementor-top-section elementor-element elementor-element-90559d1 elementor-section-boxed elementor-section-height-default elementor-section-height-default\" data-id=\"90559d1\" data-element_type=\"section\">\n\t\t\t\t\t\t<div class=\"elementor-container elementor-column-gap-custom\">\n\t\t\t\t\t<div class=\"elementor-column elementor-col-100 elementor-top-column elementor-element elementor-element-661dfec\" data-id=\"661dfec\" data-element_type=\"column\">\n\t\t\t<div class=\"elementor-widget-wrap elementor-element-populated\">\n\t\t\t\t\t\t<div class=\"elementor-element elementor-element-ad6a03c elementor-widget elementor-widget-google_maps\" data-id=\"ad6a03c\" data-element_type=\"widget\" data-widget_type=\"google_maps.default\">\n\t\t\t\t<div class=\"elementor-widget-container\">\n\t\t\t\t\t\t\t<div class=\"elementor-custom-embed\">\n\t\t\t<iframe loading=\"lazy\"\n\t\t\t\t\tsrc=\"https:\/\/maps.google.com\/maps?q=Messe%20Z%C3%BCrich%20Wallisellenstrasse%2049%208050%20Z%C3%BCrich&#038;t=m&#038;z=10&#038;output=embed&#038;iwloc=near\"\n\t\t\t\t\ttitle=\"Messe Z\u00fcrich Wallisellenstrasse 49 8050 Z\u00fcrich\"\n\t\t\t\t\taria-label=\"Messe Z\u00fcrich Wallisellenstrasse 49 8050 Z\u00fcrich\"\n\t\t\t><\/iframe>\n\t\t<\/div>\n\t\t\t\t\t\t<\/div>\n\t\t\t\t<\/div>\n\t\t\t\t<div class=\"elementor-element elementor-element-7ec68b53 elementor-widget elementor-widget-spacer\" data-id=\"7ec68b53\" data-element_type=\"widget\" data-widget_type=\"spacer.default\">\n\t\t\t\t<div class=\"elementor-widget-container\">\n\t\t\t\t\t\t\t<div class=\"elementor-spacer\">\n\t\t\t<div class=\"elementor-spacer-inner\"><\/div>\n\t\t<\/div>\n\t\t\t\t\t\t<\/div>\n\t\t\t\t<\/div>\n\t\t\t\t\t<\/div>\n\t\t<\/div>\n\t\t\t\t\t<\/div>\n\t\t<\/section>\n\t\t\t\t<\/div>\n\t\t","protected":false},"excerpt":{"rendered":"<p>Anreise &amp; Unterkunft Messe Z\u00fcrich26. + 27. August 2026 Ort &amp; Ankunft Die Messe Z\u00fcrich ist zentral und verkehrsg\u00fcnstig gelegen. Ob mit der Bahn, dem \u00f6ffentlichen Nahverkehr, der Bahn oder dem Auto.&nbsp; Anschrift: Messe Z\u00fcrichHalle 1 &amp; 2Wallisellenstrasse 498050 Z\u00fcrichSchweiz Parken: Parkhaus Messe Z\u00fcrich an der Hagenholzstrasse 50 (kostenpflichtig) Detaillierte Anfahrt Zu Google Maps Hotels [&hellip;]<\/p>\n","protected":false},"author":883,"featured_media":0,"parent":57239,"menu_order":0,"comment_status":"closed","ping_status":"closed","template":"","meta":{"_seopress_robots_primary_cat":"","_seopress_titles_title":"Anreise &amp; Unterkunft Z\u00fcrich - all about automation","_seopress_titles_desc":"Anreise &amp; Unterkunft all about automation in Z\u00fcrich am 28. + 29. August 2024\r\n\r\n","_seopress_robots_index":"","footnotes":""},"class_list":["post-53106","page","type-page","status-publish","hentry"],"_links":{"self":[{"href":"https:\/\/www.allaboutautomation.de\/de\/wp-json\/wp\/v2\/pages\/53106","targetHints":{"allow":["GET"]}}],"collection":[{"href":"https:\/\/www.allaboutautomation.de\/de\/wp-json\/wp\/v2\/pages"}],"about":[{"href":"https:\/\/www.allaboutautomation.de\/de\/wp-json\/wp\/v2\/types\/page"}],"author":[{"embeddable":true,"href":"https:\/\/www.allaboutautomation.de\/de\/wp-json\/wp\/v2\/users\/883"}],"replies":[{"embeddable":true,"href":"https:\/\/www.allaboutautomation.de\/de\/wp-json\/wp\/v2\/comments?post=53106"}],"version-history":[{"count":5,"href":"https:\/\/www.allaboutautomation.de\/de\/wp-json\/wp\/v2\/pages\/53106\/revisions"}],"predecessor-version":[{"id":445370,"href":"https:\/\/www.allaboutautomation.de\/de\/wp-json\/wp\/v2\/pages\/53106\/revisions\/445370"}],"up":[{"embeddable":true,"href":"https:\/\/www.allaboutautomation.de\/de\/wp-json\/wp\/v2\/pages\/57239"}],"wp:attachment":[{"href":"https:\/\/www.allaboutautomation.de\/de\/wp-json\/wp\/v2\/media?parent=53106"}],"curies":[{"name":"wp","href":"https:\/\/api.w.org\/{rel}","templated":true}]}}