{"id":53090,"date":"2022-10-26T15:05:00","date_gmt":"2022-10-26T13:05:00","guid":{"rendered":"https:\/\/www.allaboutautomation.de\/?page_id=53090"},"modified":"2026-01-14T12:02:56","modified_gmt":"2026-01-14T11:02:56","slug":"anreise-unterkunft-hamburg","status":"publish","type":"page","link":"https:\/\/www.allaboutautomation.de\/de\/hamburg\/anreise-unterkunft-hamburg\/","title":{"rendered":"Anreise &#038; Unterkunft Hamburg"},"content":{"rendered":"\t\t<div data-elementor-type=\"wp-page\" data-elementor-id=\"53090\" class=\"elementor elementor-53090\" data-elementor-post-type=\"page\">\n\t\t\t\t\t\t<section class=\"elementor-section elementor-top-section elementor-element elementor-element-52d5ea15 elementor-section-height-min-height elementor-section-items-top elementor-section-boxed elementor-section-height-default\" data-id=\"52d5ea15\" data-element_type=\"section\" data-settings=\"{&quot;background_background&quot;:&quot;classic&quot;}\">\n\t\t\t\t\t\t<div class=\"elementor-container elementor-column-gap-custom\">\n\t\t\t\t\t<div class=\"elementor-column elementor-col-100 elementor-top-column elementor-element elementor-element-1fab6190\" data-id=\"1fab6190\" data-element_type=\"column\">\n\t\t\t<div class=\"elementor-widget-wrap elementor-element-populated\">\n\t\t\t\t\t\t<div class=\"elementor-element elementor-element-749cc13d elementor-widget__width-inherit elementor-widget elementor-widget-heading\" data-id=\"749cc13d\" data-element_type=\"widget\" data-widget_type=\"heading.default\">\n\t\t\t\t<div class=\"elementor-widget-container\">\n\t\t\t\t\t<h1 class=\"elementor-heading-title elementor-size-default\">Anreise &amp; Unterkunft<\/h1>\t\t\t\t<\/div>\n\t\t\t\t<\/div>\n\t\t\t\t<div class=\"elementor-element elementor-element-ae29c8b elementor-widget elementor-widget-text-editor\" data-id=\"ae29c8b\" data-element_type=\"widget\" data-widget_type=\"text-editor.default\">\n\t\t\t\t<div class=\"elementor-widget-container\">\n\t\t\t\t\t\t\t\t\t<h3><span style=\"color: #ffffff;\">Hamburg Messe<\/span>\n<span style=\"color: #ffffff;\"><p>2. + 3. Juni 2026<\/span><\/h3>\t\t\t\t\t\t\t\t<\/div>\n\t\t\t\t<\/div>\n\t\t\t\t\t<\/div>\n\t\t<\/div>\n\t\t\t\t\t<\/div>\n\t\t<\/section>\n\t\t\t\t<section class=\"elementor-section elementor-top-section elementor-element elementor-element-6dddfb65 elementor-section-boxed elementor-section-height-default elementor-section-height-default\" data-id=\"6dddfb65\" data-element_type=\"section\">\n\t\t\t\t\t\t<div class=\"elementor-container elementor-column-gap-custom\">\n\t\t\t\t\t<div class=\"elementor-column elementor-col-100 elementor-top-column elementor-element elementor-element-6e8ebcc\" data-id=\"6e8ebcc\" data-element_type=\"column\">\n\t\t\t<div class=\"elementor-widget-wrap elementor-element-populated\">\n\t\t\t\t\t\t<div class=\"elementor-element elementor-element-5e847322 elementor-widget elementor-widget-spacer\" data-id=\"5e847322\" data-element_type=\"widget\" data-widget_type=\"spacer.default\">\n\t\t\t\t<div class=\"elementor-widget-container\">\n\t\t\t\t\t\t\t<div class=\"elementor-spacer\">\n\t\t\t<div class=\"elementor-spacer-inner\"><\/div>\n\t\t<\/div>\n\t\t\t\t\t\t<\/div>\n\t\t\t\t<\/div>\n\t\t\t\t<section class=\"elementor-section elementor-inner-section elementor-element elementor-element-4c893ce9 elementor-section-boxed elementor-section-height-default elementor-section-height-default\" data-id=\"4c893ce9\" data-element_type=\"section\">\n\t\t\t\t\t\t<div class=\"elementor-container elementor-column-gap-custom\">\n\t\t\t\t\t<div class=\"elementor-column elementor-col-33 elementor-inner-column elementor-element elementor-element-720cead8\" data-id=\"720cead8\" data-element_type=\"column\">\n\t\t\t<div class=\"elementor-widget-wrap elementor-element-populated\">\n\t\t\t\t\t\t<div class=\"elementor-element elementor-element-9ff0dc2 elementor-widget elementor-widget-image\" data-id=\"9ff0dc2\" data-element_type=\"widget\" data-widget_type=\"image.default\">\n\t\t\t\t<div class=\"elementor-widget-container\">\n\t\t\t\t\t\t\t\t\t\t\t\t\t\t\t<img decoding=\"async\" src=\"https:\/\/easyfairsassets.com\/sites\/266\/elementor\/thumbs\/HMC_JuergenNerger_1692-e1718204613525-qpk1ceil9m341arih92tyq6rxhtdqdegft3xbthbzk.jpg\" title=\"HMC_JuergenNerger_1692\" alt=\"Hamburg Messe\" loading=\"lazy\" \/>\t\t\t\t\t\t\t\t\t\t\t\t\t\t\t<\/div>\n\t\t\t\t<\/div>\n\t\t\t\t<div class=\"elementor-element elementor-element-296bc75 elementor-widget elementor-widget-spacer\" data-id=\"296bc75\" data-element_type=\"widget\" data-widget_type=\"spacer.default\">\n\t\t\t\t<div class=\"elementor-widget-container\">\n\t\t\t\t\t\t\t<div class=\"elementor-spacer\">\n\t\t\t<div class=\"elementor-spacer-inner\"><\/div>\n\t\t<\/div>\n\t\t\t\t\t\t<\/div>\n\t\t\t\t<\/div>\n\t\t\t\t<div class=\"elementor-element elementor-element-348d6e52 elementor-widget elementor-widget-text-editor\" data-id=\"348d6e52\" data-element_type=\"widget\" data-widget_type=\"text-editor.default\">\n\t\t\t\t<div class=\"elementor-widget-container\">\n\t\t\t\t\t\t\t\t\t<h2><span style=\"color: var( --e-global-color-primary ); font-family: var( --e-global-typography-secondary-font-family ); font-size: var( --e-global-typography-secondary-font-size ); font-style: var( --e-global-typography-secondary-font-style ); letter-spacing: var( --e-global-typography-secondary-letter-spacing ); text-transform: var( --e-global-typography-secondary-text-transform ); word-spacing: var( --e-global-typography-secondary-word-spacing ); text-decoration: var( --e-global-typography-secondary-text-decoration ); background-color: var(--ast-global-color-5);\">Ort &amp; Ankunft<\/span><\/h2>\t\t\t\t\t\t\t\t<\/div>\n\t\t\t\t<\/div>\n\t\t\t\t<div class=\"elementor-element elementor-element-4173c23 elementor-widget elementor-widget-text-editor\" data-id=\"4173c23\" data-element_type=\"widget\" data-widget_type=\"text-editor.default\">\n\t\t\t\t<div class=\"elementor-widget-container\">\n\t\t\t\t\t\t\t\t\t<p><strong>Anschrift:<br \/><\/strong>Hamburg Messe<br \/>Eingang S\u00fcd, Halle B6<br \/>Karolinenstra\u00dfe 20-22<br \/>20357 Hamburg<\/p><p><strong>Anfahrt:<br \/><\/strong>Das Hamburger Messegel\u00e4nde befindet sich im Zentrum der Stadt, mit direktem Anschluss an alle Verkehrsm\u00f6glichkeiten.<\/p><p>Wir empfehlen die Anfahrt mit dem \u00f6ffentliche Personennahverkehr. Der Eingang S\u00fcd liegt direkt an der U-Bahn Station &#8216;Messehallen&#8217; der Linie U2.<\/p>\t\t\t\t\t\t\t\t<\/div>\n\t\t\t\t<\/div>\n\t\t\t\t<div class=\"elementor-element elementor-element-5a58f758 elementor-widget__width-auto elementor-hidden-desktop elementor-hidden-tablet elementor-hidden-mobile elementor-widget elementor-widget-button\" data-id=\"5a58f758\" data-element_type=\"widget\" data-widget_type=\"button.default\">\n\t\t\t\t<div class=\"elementor-widget-container\">\n\t\t\t\t\t\t\t\t\t<div class=\"elementor-button-wrapper\">\n\t\t\t\t\t<a class=\"elementor-button elementor-button-link elementor-size-sm\" href=\"https:\/\/www.google.de\/maps\/place\/Messehalle,+22457+Hamburg\/@53.6374546,9.9208531,17z\/data=!3m1!4b1!4m5!3m4!1s0x47b187ae504ee1d3:0xb63ebaf6736f30d3!8m2!3d53.6374546!4d9.9230418\" target=\"_blank\">\n\t\t\t\t\t\t<span class=\"elementor-button-content-wrapper\">\n\t\t\t\t\t\t\t\t\t<span class=\"elementor-button-text\">Zu Google Maps<\/span>\n\t\t\t\t\t<\/span>\n\t\t\t\t\t<\/a>\n\t\t\t\t<\/div>\n\t\t\t\t\t\t\t\t<\/div>\n\t\t\t\t<\/div>\n\t\t\t\t<div class=\"elementor-element elementor-element-c5e8074 elementor-widget elementor-widget-spacer\" data-id=\"c5e8074\" data-element_type=\"widget\" data-widget_type=\"spacer.default\">\n\t\t\t\t<div class=\"elementor-widget-container\">\n\t\t\t\t\t\t\t<div class=\"elementor-spacer\">\n\t\t\t<div class=\"elementor-spacer-inner\"><\/div>\n\t\t<\/div>\n\t\t\t\t\t\t<\/div>\n\t\t\t\t<\/div>\n\t\t\t\t<div class=\"elementor-element elementor-element-4bfd652 elementor-widget__width-auto elementor-mobile-align-right elementor-widget elementor-widget-button\" data-id=\"4bfd652\" data-element_type=\"widget\" data-widget_type=\"button.default\">\n\t\t\t\t<div class=\"elementor-widget-container\">\n\t\t\t\t\t\t\t\t\t<div class=\"elementor-button-wrapper\">\n\t\t\t\t\t<a class=\"elementor-button elementor-button-link elementor-size-sm\" href=\"https:\/\/www.hamburg-messe.de\/services\/anreise-uebernachtung\" target=\"_blank\">\n\t\t\t\t\t\t<span class=\"elementor-button-content-wrapper\">\n\t\t\t\t\t\t\t\t\t<span class=\"elementor-button-text\">Detaillierte Anfahrt<\/span>\n\t\t\t\t\t<\/span>\n\t\t\t\t\t<\/a>\n\t\t\t\t<\/div>\n\t\t\t\t\t\t\t\t<\/div>\n\t\t\t\t<\/div>\n\t\t\t\t\t<\/div>\n\t\t<\/div>\n\t\t\t\t<div class=\"elementor-column elementor-col-33 elementor-inner-column elementor-element elementor-element-ecd9f79\" data-id=\"ecd9f79\" data-element_type=\"column\">\n\t\t\t<div class=\"elementor-widget-wrap elementor-element-populated\">\n\t\t\t\t\t\t<div class=\"elementor-element elementor-element-01dc3f7 elementor-widget elementor-widget-image\" data-id=\"01dc3f7\" data-element_type=\"widget\" data-widget_type=\"image.default\">\n\t\t\t\t<div class=\"elementor-widget-container\">\n\t\t\t\t\t\t\t\t\t\t\t\t\t\t\t<img decoding=\"async\" src=\"https:\/\/easyfairsassets.com\/sites\/266\/elementor\/thumbs\/transport-system-3228041_1280_bearb_500x280-q2kyp05gzj1lkd0l1iyr9a1je8dcupq79rga71m1v4.jpg\" title=\"transport-system-3228041_1280_bearb_500x280\" alt=\"transport-system-3228041_1280_bearb_500x280\" loading=\"lazy\" \/>\t\t\t\t\t\t\t\t\t\t\t\t\t\t\t<\/div>\n\t\t\t\t<\/div>\n\t\t\t\t<div class=\"elementor-element elementor-element-26dbd91 elementor-widget elementor-widget-spacer\" data-id=\"26dbd91\" data-element_type=\"widget\" data-widget_type=\"spacer.default\">\n\t\t\t\t<div class=\"elementor-widget-container\">\n\t\t\t\t\t\t\t<div class=\"elementor-spacer\">\n\t\t\t<div class=\"elementor-spacer-inner\"><\/div>\n\t\t<\/div>\n\t\t\t\t\t\t<\/div>\n\t\t\t\t<\/div>\n\t\t\t\t<div class=\"elementor-element elementor-element-7c3b023 elementor-widget elementor-widget-text-editor\" data-id=\"7c3b023\" data-element_type=\"widget\" data-widget_type=\"text-editor.default\">\n\t\t\t\t<div class=\"elementor-widget-container\">\n\t\t\t\t\t\t\t\t\t<h2 style=\"font-size: var( --e-global-typography-secondary-font-size ); font-style: normal; font-weight: var( --e-global-typography-secondary-font-weight ); line-height: var( --e-global-typography-secondary-line-height ); font-family: var( --e-global-typography-secondary-font-family ); text-transform: none; text-decoration-thickness: initial; text-decoration-style: initial; text-decoration-color: initial; letter-spacing: normal; word-spacing: 0px;\">Bahn-Ticket<\/h2>\t\t\t\t\t\t\t\t<\/div>\n\t\t\t\t<\/div>\n\t\t\t\t<div class=\"elementor-element elementor-element-d126551 elementor-widget elementor-widget-text-editor\" data-id=\"d126551\" data-element_type=\"widget\" data-widget_type=\"text-editor.default\">\n\t\t\t\t<div class=\"elementor-widget-container\">\n\t\t\t\t\t\t\t\t\t<p><span style=\"font-size: 16px; font-style: normal; font-weight: 400;\">Die Deutsche Bahn bietet ein <\/span><span style=\"font-size: 16px; font-style: normal; font-weight: var(--e-global-typography-secondary-font-weight) !important; font-family: var(--e-global-typography-secondary-font-family) !important;\">verg\u00fcnstigtes Veranstaltungsticket f\u00fcr die Bahnanreise<\/span><span style=\"font-size: 16px; font-style: normal; font-weight: 400;\">, inkl. City Ticket und Sitzplatzreservierung.<\/span><\/p>\t\t\t\t\t\t\t\t<\/div>\n\t\t\t\t<\/div>\n\t\t\t\t<div class=\"elementor-element elementor-element-3ef53b2 elementor-widget elementor-widget-button\" data-id=\"3ef53b2\" data-element_type=\"widget\" data-widget_type=\"button.default\">\n\t\t\t\t<div class=\"elementor-widget-container\">\n\t\t\t\t\t\t\t\t\t<div class=\"elementor-button-wrapper\">\n\t\t\t\t\t<a class=\"elementor-button elementor-button-link elementor-size-sm\" href=\"https:\/\/db-vat-prd.db-app.de\/?event=39466&#038;language=de\" target=\"_blank\">\n\t\t\t\t\t\t<span class=\"elementor-button-content-wrapper\">\n\t\t\t\t\t\t\t\t\t<span class=\"elementor-button-text\">Zum Ticket<\/span>\n\t\t\t\t\t<\/span>\n\t\t\t\t\t<\/a>\n\t\t\t\t<\/div>\n\t\t\t\t\t\t\t\t<\/div>\n\t\t\t\t<\/div>\n\t\t\t\t<div class=\"elementor-element elementor-element-887612c elementor-hidden-desktop elementor-hidden-tablet elementor-hidden-mobile elementor-widget elementor-widget-button\" data-id=\"887612c\" data-element_type=\"widget\" data-widget_type=\"button.default\">\n\t\t\t\t<div class=\"elementor-widget-container\">\n\t\t\t\t\t\t\t\t\t<div class=\"elementor-button-wrapper\">\n\t\t\t\t\t<a class=\"elementor-button elementor-size-sm\" role=\"button\">\n\t\t\t\t\t\t<span class=\"elementor-button-content-wrapper\">\n\t\t\t\t\t\t\t\t\t<span class=\"elementor-button-text\">... in K\u00fcrze verf\u00fcgbar<\/span>\n\t\t\t\t\t<\/span>\n\t\t\t\t\t<\/a>\n\t\t\t\t<\/div>\n\t\t\t\t\t\t\t\t<\/div>\n\t\t\t\t<\/div>\n\t\t\t\t\t<\/div>\n\t\t<\/div>\n\t\t\t\t<div class=\"elementor-column elementor-col-33 elementor-inner-column elementor-element elementor-element-3289a2f5\" data-id=\"3289a2f5\" data-element_type=\"column\">\n\t\t\t<div class=\"elementor-widget-wrap elementor-element-populated\">\n\t\t\t\t\t\t<div class=\"elementor-element elementor-element-02ae4b6 elementor-widget elementor-widget-image\" data-id=\"02ae4b6\" data-element_type=\"widget\" data-widget_type=\"image.default\">\n\t\t\t\t<div class=\"elementor-widget-container\">\n\t\t\t\t\t\t\t\t\t\t\t\t\t\t\t<img decoding=\"async\" src=\"https:\/\/easyfairsassets.com\/sites\/266\/elementor\/thumbs\/point3d-commercial-imaging-ltd-GUno-FetWJM-unsplash-pwcoeav869ag4o8m5acnfizsigzaoub3jkai2hw2y8.jpg\" title=\"point3d-commercial-imaging-ltd-GUno-FetWJM-unsplash\" alt=\"point3d-commercial-imaging-ltd-GUno-FetWJM-unsplash\" loading=\"lazy\" \/>\t\t\t\t\t\t\t\t\t\t\t\t\t\t\t<\/div>\n\t\t\t\t<\/div>\n\t\t\t\t<div class=\"elementor-element elementor-element-1154ef3 elementor-widget elementor-widget-spacer\" data-id=\"1154ef3\" data-element_type=\"widget\" data-widget_type=\"spacer.default\">\n\t\t\t\t<div class=\"elementor-widget-container\">\n\t\t\t\t\t\t\t<div class=\"elementor-spacer\">\n\t\t\t<div class=\"elementor-spacer-inner\"><\/div>\n\t\t<\/div>\n\t\t\t\t\t\t<\/div>\n\t\t\t\t<\/div>\n\t\t\t\t<div class=\"elementor-element elementor-element-5008e43 elementor-widget elementor-widget-text-editor\" data-id=\"5008e43\" data-element_type=\"widget\" data-widget_type=\"text-editor.default\">\n\t\t\t\t<div class=\"elementor-widget-container\">\n\t\t\t\t\t\t\t\t\t<h2>Hotels<\/h2>\t\t\t\t\t\t\t\t<\/div>\n\t\t\t\t<\/div>\n\t\t\t\t<div class=\"elementor-element elementor-element-9d05647 elementor-widget elementor-widget-text-editor\" data-id=\"9d05647\" data-element_type=\"widget\" data-widget_type=\"text-editor.default\">\n\t\t\t\t<div class=\"elementor-widget-container\">\n\t\t\t\t\t\t\t\t\t<p>Wir empfehlen Ihnen den Gratis-Hotelservice unseres Partners Hotelservice-Deutschland.de. \u00dcber unseren Partner erhalten Sie <strong>Zimmer zu Sonderkonditionen.<\/strong><\/p>\t\t\t\t\t\t\t\t<\/div>\n\t\t\t\t<\/div>\n\t\t\t\t<div class=\"elementor-element elementor-element-a4acc16 elementor-widget elementor-widget-button\" data-id=\"a4acc16\" data-element_type=\"widget\" data-widget_type=\"button.default\">\n\t\t\t\t<div class=\"elementor-widget-container\">\n\t\t\t\t\t\t\t\t\t<div class=\"elementor-button-wrapper\">\n\t\t\t\t\t<a class=\"elementor-button elementor-button-link elementor-size-sm\" href=\"https:\/\/booking.hotelservice-deutschland.de\/booking\/congresses\/automationhamburg?locale=de\" target=\"_blank\">\n\t\t\t\t\t\t<span class=\"elementor-button-content-wrapper\">\n\t\t\t\t\t\t\t\t\t<span class=\"elementor-button-text\">Zum Hotelservice<\/span>\n\t\t\t\t\t<\/span>\n\t\t\t\t\t<\/a>\n\t\t\t\t<\/div>\n\t\t\t\t\t\t\t\t<\/div>\n\t\t\t\t<\/div>\n\t\t\t\t<div class=\"elementor-element elementor-element-7111324 elementor-hidden-desktop elementor-hidden-tablet elementor-hidden-mobile elementor-widget elementor-widget-button\" data-id=\"7111324\" data-element_type=\"widget\" data-widget_type=\"button.default\">\n\t\t\t\t<div class=\"elementor-widget-container\">\n\t\t\t\t\t\t\t\t\t<div class=\"elementor-button-wrapper\">\n\t\t\t\t\t<a class=\"elementor-button elementor-size-sm\" role=\"button\">\n\t\t\t\t\t\t<span class=\"elementor-button-content-wrapper\">\n\t\t\t\t\t\t\t\t\t<span class=\"elementor-button-text\">... in K\u00fcrze verf\u00fcgbar<\/span>\n\t\t\t\t\t<\/span>\n\t\t\t\t\t<\/a>\n\t\t\t\t<\/div>\n\t\t\t\t\t\t\t\t<\/div>\n\t\t\t\t<\/div>\n\t\t\t\t\t<\/div>\n\t\t<\/div>\n\t\t\t\t\t<\/div>\n\t\t<\/section>\n\t\t\t\t\t<\/div>\n\t\t<\/div>\n\t\t\t\t\t<\/div>\n\t\t<\/section>\n\t\t\t\t<section class=\"elementor-section elementor-top-section elementor-element elementor-element-90559d1 elementor-section-boxed elementor-section-height-default elementor-section-height-default\" data-id=\"90559d1\" data-element_type=\"section\">\n\t\t\t\t\t\t<div class=\"elementor-container elementor-column-gap-custom\">\n\t\t\t\t\t<div class=\"elementor-column elementor-col-100 elementor-top-column elementor-element elementor-element-661dfec\" data-id=\"661dfec\" data-element_type=\"column\">\n\t\t\t<div class=\"elementor-widget-wrap elementor-element-populated\">\n\t\t\t\t\t\t<div class=\"elementor-element elementor-element-ad6a03c elementor-widget elementor-widget-google_maps\" data-id=\"ad6a03c\" data-element_type=\"widget\" data-widget_type=\"google_maps.default\">\n\t\t\t\t<div class=\"elementor-widget-container\">\n\t\t\t\t\t\t\t<div class=\"elementor-custom-embed\">\n\t\t\t<iframe loading=\"lazy\"\n\t\t\t\t\tsrc=\"https:\/\/maps.google.com\/maps?q=Hamburg%20Messe%20Eingang%20S%C3%BCd&#038;t=m&#038;z=10&#038;output=embed&#038;iwloc=near\"\n\t\t\t\t\ttitle=\"Hamburg Messe Eingang S\u00fcd\"\n\t\t\t\t\taria-label=\"Hamburg Messe Eingang S\u00fcd\"\n\t\t\t><\/iframe>\n\t\t<\/div>\n\t\t\t\t\t\t<\/div>\n\t\t\t\t<\/div>\n\t\t\t\t<div class=\"elementor-element elementor-element-7ec68b53 elementor-widget elementor-widget-spacer\" data-id=\"7ec68b53\" data-element_type=\"widget\" data-widget_type=\"spacer.default\">\n\t\t\t\t<div class=\"elementor-widget-container\">\n\t\t\t\t\t\t\t<div class=\"elementor-spacer\">\n\t\t\t<div class=\"elementor-spacer-inner\"><\/div>\n\t\t<\/div>\n\t\t\t\t\t\t<\/div>\n\t\t\t\t<\/div>\n\t\t\t\t\t<\/div>\n\t\t<\/div>\n\t\t\t\t\t<\/div>\n\t\t<\/section>\n\t\t\t\t<\/div>\n\t\t","protected":false},"excerpt":{"rendered":"<p>Anreise &amp; Unterkunft Hamburg Messe 2. + 3. Juni 2026 Ort &amp; Ankunft Anschrift:Hamburg MesseEingang S\u00fcd, Halle B6Karolinenstra\u00dfe 20-2220357 Hamburg Anfahrt:Das Hamburger Messegel\u00e4nde befindet sich im Zentrum der Stadt, mit direktem Anschluss an alle Verkehrsm\u00f6glichkeiten. Wir empfehlen die Anfahrt mit dem \u00f6ffentliche Personennahverkehr. Der Eingang S\u00fcd liegt direkt an der U-Bahn Station &#8216;Messehallen&#8217; der Linie [&hellip;]<\/p>\n","protected":false},"author":883,"featured_media":0,"parent":50181,"menu_order":0,"comment_status":"closed","ping_status":"closed","template":"","meta":{"_seopress_robots_primary_cat":"","_seopress_titles_title":"","_seopress_titles_desc":"","_seopress_robots_index":"","footnotes":""},"class_list":["post-53090","page","type-page","status-publish","hentry"],"_links":{"self":[{"href":"https:\/\/www.allaboutautomation.de\/de\/wp-json\/wp\/v2\/pages\/53090","targetHints":{"allow":["GET"]}}],"collection":[{"href":"https:\/\/www.allaboutautomation.de\/de\/wp-json\/wp\/v2\/pages"}],"about":[{"href":"https:\/\/www.allaboutautomation.de\/de\/wp-json\/wp\/v2\/types\/page"}],"author":[{"embeddable":true,"href":"https:\/\/www.allaboutautomation.de\/de\/wp-json\/wp\/v2\/users\/883"}],"replies":[{"embeddable":true,"href":"https:\/\/www.allaboutautomation.de\/de\/wp-json\/wp\/v2\/comments?post=53090"}],"version-history":[{"count":5,"href":"https:\/\/www.allaboutautomation.de\/de\/wp-json\/wp\/v2\/pages\/53090\/revisions"}],"predecessor-version":[{"id":449049,"href":"https:\/\/www.allaboutautomation.de\/de\/wp-json\/wp\/v2\/pages\/53090\/revisions\/449049"}],"up":[{"embeddable":true,"href":"https:\/\/www.allaboutautomation.de\/de\/wp-json\/wp\/v2\/pages\/50181"}],"wp:attachment":[{"href":"https:\/\/www.allaboutautomation.de\/de\/wp-json\/wp\/v2\/media?parent=53090"}],"curies":[{"name":"wp","href":"https:\/\/api.w.org\/{rel}","templated":true}]}}