{"id":449783,"date":"2026-01-21T13:39:32","date_gmt":"2026-01-21T12:39:32","guid":{"rendered":"https:\/\/www.allaboutautomation.de\/?page_id=449783"},"modified":"2026-04-30T15:27:10","modified_gmt":"2026-04-30T13:27:10","slug":"rundgang","status":"publish","type":"page","link":"https:\/\/www.allaboutautomation.de\/de\/heilbronn\/rundgang\/","title":{"rendered":"IoT-Rundgang"},"content":{"rendered":"\t\t<div data-elementor-type=\"wp-page\" data-elementor-id=\"449783\" class=\"elementor elementor-449783\" data-elementor-post-type=\"page\">\n\t\t\t\t\t\t<section class=\"elementor-section elementor-top-section elementor-element elementor-element-bff84b1 elementor-section-height-min-height elementor-section-items-top elementor-section-boxed elementor-section-height-default\" data-id=\"bff84b1\" data-element_type=\"section\" data-settings=\"{&quot;background_background&quot;:&quot;classic&quot;}\">\n\t\t\t\t\t\t\t<div class=\"elementor-background-overlay\"><\/div>\n\t\t\t\t\t\t\t<div class=\"elementor-container elementor-column-gap-custom\">\n\t\t\t\t\t<div class=\"elementor-column elementor-col-100 elementor-top-column elementor-element elementor-element-dec65fd\" data-id=\"dec65fd\" data-element_type=\"column\">\n\t\t\t<div class=\"elementor-widget-wrap elementor-element-populated\">\n\t\t\t\t\t\t<div class=\"elementor-element elementor-element-aff90f9 elementor-widget__width-inherit elementor-widget elementor-widget-heading\" data-id=\"aff90f9\" data-element_type=\"widget\" data-widget_type=\"heading.default\">\n\t\t\t\t<div class=\"elementor-widget-container\">\n\t\t\t\t\t<h1 class=\"elementor-heading-title elementor-size-default\">Rundg\u00e4nge <\/h1>\t\t\t\t<\/div>\n\t\t\t\t<\/div>\n\t\t\t\t<div class=\"elementor-element elementor-element-2b7e5e2 elementor-widget elementor-widget-heading\" data-id=\"2b7e5e2\" data-element_type=\"widget\" data-widget_type=\"heading.default\">\n\t\t\t\t<div class=\"elementor-widget-container\">\n\t\t\t\t\t<h3 class=\"elementor-heading-title elementor-size-default\">Heilbronn <br>\n6. + 7. Mai 2026<\/h3>\t\t\t\t<\/div>\n\t\t\t\t<\/div>\n\t\t\t\t\t<\/div>\n\t\t<\/div>\n\t\t\t\t\t<\/div>\n\t\t<\/section>\n\t\t\t\t<section class=\"elementor-section elementor-top-section elementor-element elementor-element-2a28ccc elementor-section-boxed elementor-section-height-default elementor-section-height-default\" data-id=\"2a28ccc\" data-element_type=\"section\">\n\t\t\t\t\t\t<div class=\"elementor-container elementor-column-gap-default\">\n\t\t\t\t\t<div class=\"elementor-column elementor-col-100 elementor-top-column elementor-element elementor-element-3c9628e\" data-id=\"3c9628e\" data-element_type=\"column\">\n\t\t\t<div class=\"elementor-widget-wrap elementor-element-populated\">\n\t\t\t\t\t\t<div class=\"elementor-element elementor-element-d8b6d66 elementor-widget elementor-widget-spacer\" data-id=\"d8b6d66\" data-element_type=\"widget\" data-widget_type=\"spacer.default\">\n\t\t\t\t<div class=\"elementor-widget-container\">\n\t\t\t\t\t\t\t<div class=\"elementor-spacer\">\n\t\t\t<div class=\"elementor-spacer-inner\"><\/div>\n\t\t<\/div>\n\t\t\t\t\t\t<\/div>\n\t\t\t\t<\/div>\n\t\t<div class=\"elementor-element elementor-element-63a003b e-con-full e-flex e-con e-parent\" data-id=\"63a003b\" data-element_type=\"container\">\n\t\t\t\t<div class=\"elementor-element elementor-element-9f1cf9c elementor-widget elementor-widget-heading\" data-id=\"9f1cf9c\" data-element_type=\"widget\" data-widget_type=\"heading.default\">\n\t\t\t\t<div class=\"elementor-widget-container\">\n\t\t\t\t\t<h2 class=\"elementor-heading-title elementor-size-default\">Gef\u00fchrte Messerundg\u00e4nge durch die Messehallen von der\nWirtschaftsf\u00f6rderung Raum Heilbronn<\/h2>\t\t\t\t<\/div>\n\t\t\t\t<\/div>\n\t\t\t\t<div class=\"elementor-element elementor-element-9c77d8c elementor-widget elementor-widget-text-editor\" data-id=\"9c77d8c\" data-element_type=\"widget\" data-widget_type=\"text-editor.default\">\n\t\t\t\t<div class=\"elementor-widget-container\">\n\t\t\t\t\t\t\t\t\t<div class=\"leading-7 [&amp;:not(:first-child)]:mt-4 whitespace-pre-wrap break-words\" role=\"article\">Entdecken Sie die Highlights der all about automation im Rahmen unserer gef\u00fchrten Messerundg\u00e4nge direkt in den Messehallen. Freuen Sie sich auf spannende Stationen, an denen Ihnen Aussteller und Experten live ihre L\u00f6sungen, Innovationen und Best Practices pr\u00e4sentieren. Erhalten Sie einen kompakten \u00dcberblick \u00fcber neueste Trends und Entwicklungen in der Branche und lernen Sie konkrete Anwendungen direkt vor Ort kennen.<\/div><div role=\"article\">\u00a0<\/div><div class=\"leading-7 [&amp;:not(:first-child)]:mt-4 whitespace-pre-wrap break-words\" role=\"article\">Die Rundg\u00e4nge bieten Ihnen praxisnahes Wissen, helfen Ihnen, gezielt die f\u00fcr Sie relevanten Anbieter zu finden, und er\u00f6ffnen Ihnen neue Perspektiven f\u00fcr Ihre t\u00e4glichen Aufgaben. Nutzen Sie die Gelegenheit, gezielt Fragen zu stellen, Ihr Netzwerk zu erweitern und wertvolle Impulse f\u00fcr Ihr Gesch\u00e4ft mitzunehmen \u2013 effizient, fokussiert und strukturiert gef\u00fchrt durch die Messe!\u00a0<\/div>\t\t\t\t\t\t\t\t<\/div>\n\t\t\t\t<\/div>\n\t\t\t\t<div class=\"elementor-element elementor-element-6c1144d elementor-widget elementor-widget-spacer\" data-id=\"6c1144d\" data-element_type=\"widget\" data-widget_type=\"spacer.default\">\n\t\t\t\t<div class=\"elementor-widget-container\">\n\t\t\t\t\t\t\t<div class=\"elementor-spacer\">\n\t\t\t<div class=\"elementor-spacer-inner\"><\/div>\n\t\t<\/div>\n\t\t\t\t\t\t<\/div>\n\t\t\t\t<\/div>\n\t\t<div class=\"elementor-element elementor-element-e1da255 elementor-hidden-desktop elementor-hidden-tablet elementor-hidden-mobile e-flex e-con-boxed e-con e-child\" data-id=\"e1da255\" data-element_type=\"container\" data-settings=\"{&quot;background_background&quot;:&quot;classic&quot;}\">\n\t\t\t\t\t<div class=\"e-con-inner\">\n\t\t<div class=\"elementor-element elementor-element-821b35e e-con-full e-flex e-con e-child\" data-id=\"821b35e\" data-element_type=\"container\">\n\t\t<div class=\"elementor-element elementor-element-f0478f6 e-con-full e-flex e-con e-child\" data-id=\"f0478f6\" data-element_type=\"container\">\n\t\t\t\t<div class=\"elementor-element elementor-element-d6075ee elementor-widget__width-initial elementor-widget elementor-widget-text-editor\" data-id=\"d6075ee\" data-element_type=\"widget\" data-widget_type=\"text-editor.default\">\n\t\t\t\t<div class=\"elementor-widget-container\">\n\t\t\t\t\t\t\t\t\t<p style=\"color: #ffffff;\">Die Teilnahme an den Messerundg\u00e4ngen ist f\u00fcr Besucher <span style=\"font-weight: bold; color: #00abe0;\">kostenfrei<\/span>, die vorherige <span style=\"font-weight: bold; color: #00abe0;\">Anmelderung ist erforderlich<\/span>. Alle Details zu den jeweiligen Rundg\u00e4ngen werden in K\u00fcrze auf dieser Seite ver\u00f6ffentlicht.<\/p>\t\t\t\t\t\t\t\t<\/div>\n\t\t\t\t<\/div>\n\t\t\t\t<\/div>\n\t\t<div class=\"elementor-element elementor-element-daf3db9 e-con-full e-flex e-con e-child\" data-id=\"daf3db9\" data-element_type=\"container\">\n\t\t\t\t<div class=\"elementor-element elementor-element-815ee0f elementor-align-center elementor-widget elementor-widget-button\" data-id=\"815ee0f\" data-element_type=\"widget\" data-widget_type=\"button.default\">\n\t\t\t\t<div class=\"elementor-widget-container\">\n\t\t\t\t\t\t\t\t\t<div class=\"elementor-button-wrapper\">\n\t\t\t\t\t<a class=\"elementor-button elementor-button-link elementor-size-sm\" href=\"https:\/\/events.wfghn.de\/News-Termine\/Veranstaltungen3\/event.php?vnrtoken=JF3vZzEvK6cshSEb+UM3+6LPgkMOex5bp5mWOMX6NolOOQqtOtuNVDVjfJI1aA9cOZTdHLd9A\/hZMpUKSZzYircQvDvKn0aB0uhzcHaqr3TfYi5E0Zt+uW2JGQfrxntW5D5HFZqFVvtHQjstIz4TLiyivDZJbyc0uiAtbrqfM6VkIg6HSM198gP+ptxAENCIT41D1UEYESd04tEWU5F4pkvhTIn9LdELBBDgRlntr3xlGp23dC2yC0xdjDvyh8lT+0B7I9QlLI+dInY2RYTsCakyssdf2flra+qrewjKQiTi65bxmzeSYcuno46+PjXqPf6hTvLfsNjfYBrbTQHcbhLO7TL6EGKwiZlvbTc8qYzo8eUyXs3OOd67tZ1\/pv8o5LnsbQbQHhc1cVYkPaiwniA=\" target=\"_blank\">\n\t\t\t\t\t\t<span class=\"elementor-button-content-wrapper\">\n\t\t\t\t\t\t<span class=\"elementor-button-icon\">\n\t\t\t\t<i aria-hidden=\"true\" class=\"fas fa-user-check\"><\/i>\t\t\t<\/span>\n\t\t\t\t\t\t\t\t\t<span class=\"elementor-button-text\">Zu den Anmeldeformularen<\/span>\n\t\t\t\t\t<\/span>\n\t\t\t\t\t<\/a>\n\t\t\t\t<\/div>\n\t\t\t\t\t\t\t\t<\/div>\n\t\t\t\t<\/div>\n\t\t\t\t<div class=\"elementor-element elementor-element-efeb336 elementor-align-center elementor-hidden-desktop elementor-hidden-tablet elementor-hidden-mobile elementor-widget elementor-widget-button\" data-id=\"efeb336\" data-element_type=\"widget\" data-widget_type=\"button.default\">\n\t\t\t\t<div class=\"elementor-widget-container\">\n\t\t\t\t\t\t\t\t\t<div class=\"elementor-button-wrapper\">\n\t\t\t\t\t<a class=\"elementor-button elementor-button-link elementor-size-sm\" href=\"#\">\n\t\t\t\t\t\t<span class=\"elementor-button-content-wrapper\">\n\t\t\t\t\t\t\t\t\t<span class=\"elementor-button-text\">Anmeldung demn\u00e4chst verf\u00fcgbar<\/span>\n\t\t\t\t\t<\/span>\n\t\t\t\t\t<\/a>\n\t\t\t\t<\/div>\n\t\t\t\t\t\t\t\t<\/div>\n\t\t\t\t<\/div>\n\t\t\t\t<\/div>\n\t\t<div class=\"elementor-element elementor-element-cd3a834 e-con-full e-flex e-con e-child\" data-id=\"cd3a834\" data-element_type=\"container\">\n\t\t\t\t<div class=\"elementor-element elementor-element-e6875ff elementor-align-center elementor-widget elementor-widget-button\" data-id=\"e6875ff\" data-element_type=\"widget\" data-widget_type=\"button.default\">\n\t\t\t\t<div class=\"elementor-widget-container\">\n\t\t\t\t\t\t\t\t\t<div class=\"elementor-button-wrapper\">\n\t\t\t\t\t<a class=\"elementor-button elementor-button-link elementor-size-sm\" href=\"#elementor-action%3Aaction%3Dpopup%3Aopen%26settings%3DeyJpZCI6NDUzMTQ1LCJ0b2dnbGUiOmZhbHNlfQ%3D%3D\" target=\"_blank\">\n\t\t\t\t\t\t<span class=\"elementor-button-content-wrapper\">\n\t\t\t\t\t\t<span class=\"elementor-button-icon\">\n\t\t\t\t<i aria-hidden=\"true\" class=\"far fa-newspaper\"><\/i>\t\t\t<\/span>\n\t\t\t\t\t\t\t\t\t<span class=\"elementor-button-text\">Kein Update verpassen!<\/span>\n\t\t\t\t\t<\/span>\n\t\t\t\t\t<\/a>\n\t\t\t\t<\/div>\n\t\t\t\t\t\t\t\t<\/div>\n\t\t\t\t<\/div>\n\t\t\t\t<\/div>\n\t\t\t\t<\/div>\n\t\t\t\t\t<\/div>\n\t\t\t\t<\/div>\n\t\t\t\t<\/div>\n\t\t\t\t\t<\/div>\n\t\t<\/div>\n\t\t\t\t\t<\/div>\n\t\t<\/section>\n\t\t\t\t<section class=\"elementor-section elementor-top-section elementor-element elementor-element-b871496 elementor-section-boxed elementor-section-height-default elementor-section-height-default\" data-id=\"b871496\" data-element_type=\"section\">\n\t\t\t\t\t\t<div class=\"elementor-container elementor-column-gap-default\">\n\t\t\t\t\t<div class=\"elementor-column elementor-col-100 elementor-top-column elementor-element elementor-element-093f1b2\" data-id=\"093f1b2\" data-element_type=\"column\">\n\t\t\t<div class=\"elementor-widget-wrap elementor-element-populated\">\n\t\t\t\t\t\t<div class=\"elementor-element elementor-element-60575ba elementor-widget elementor-widget-spacer\" data-id=\"60575ba\" data-element_type=\"widget\" data-widget_type=\"spacer.default\">\n\t\t\t\t<div class=\"elementor-widget-container\">\n\t\t\t\t\t\t\t<div class=\"elementor-spacer\">\n\t\t\t<div class=\"elementor-spacer-inner\"><\/div>\n\t\t<\/div>\n\t\t\t\t\t\t<\/div>\n\t\t\t\t<\/div>\n\t\t\t\t\t<\/div>\n\t\t<\/div>\n\t\t\t\t\t<\/div>\n\t\t<\/section>\n\t\t<div class=\"elementor-element elementor-element-13532ae e-grid e-con-full e-con e-parent\" data-id=\"13532ae\" data-element_type=\"container\">\n\t\t<div class=\"elementor-element elementor-element-1c7831f e-con-full e-flex e-con e-child\" data-id=\"1c7831f\" data-element_type=\"container\" data-settings=\"{&quot;background_background&quot;:&quot;classic&quot;}\">\n\t\t\t\t<div class=\"elementor-element elementor-element-1ba70c2 elementor-widget elementor-widget-heading\" data-id=\"1ba70c2\" data-element_type=\"widget\" data-widget_type=\"heading.default\">\n\t\t\t\t<div class=\"elementor-widget-container\">\n\t\t\t\t\t<h2 class=\"elementor-heading-title elementor-size-default\">Wirtschaftsf\u00f6rderung Raum Heilbronn<\/h2>\t\t\t\t<\/div>\n\t\t\t\t<\/div>\n\t\t\t\t<div class=\"elementor-element elementor-element-f3b58e6 elementor-widget__width-initial elementor-widget elementor-widget-text-editor\" data-id=\"f3b58e6\" data-element_type=\"widget\" data-widget_type=\"text-editor.default\">\n\t\t\t\t<div class=\"elementor-widget-container\">\n\t\t\t\t\t\t\t\t\t<p><span data-olk-copy-source=\"MessageBody\">Highlights entdecken, Kontakte kn\u00fcpfen, Zeit sparen<\/span><\/p>\t\t\t\t\t\t\t\t<\/div>\n\t\t\t\t<\/div>\n\t\t\t\t<div class=\"elementor-element elementor-element-ce583fe elementor-widget__width-initial elementor-widget elementor-widget-text-editor\" data-id=\"ce583fe\" data-element_type=\"widget\" data-widget_type=\"text-editor.default\">\n\t\t\t\t<div class=\"elementor-widget-container\">\n\t\t\t\t\t\t\t\t\t<div data-olk-copy-source=\"MessageBody\">Erleben Sie die all about automation Heilbronn\u00a0kompakt und zielgerichtet: Beim gef\u00fchrten Rundgang der Wirtschaftsf\u00f6rderung Heilbronn\u00a0entdecken Sie ausgew\u00e4hlte Aussteller, Innovationen und L\u00f6sungen mit regionalem Bezug.<\/div><div data-olk-copy-source=\"MessageBody\">\u00a0<\/div><div>Profitieren Sie von kuratierten Einblicken, direktem Austausch und einer klaren Orientierung im Messegeschehen \u2013 effizient, pers\u00f6nlich und mit Mehrwert.<\/div>\t\t\t\t\t\t\t\t<\/div>\n\t\t\t\t<\/div>\n\t\t\t\t<div class=\"elementor-element elementor-element-5a31590 elementor-widget__width-initial elementor-widget elementor-widget-heading\" data-id=\"5a31590\" data-element_type=\"widget\" data-widget_type=\"heading.default\">\n\t\t\t\t<div class=\"elementor-widget-container\">\n\t\t\t\t\t<h3 class=\"elementor-heading-title elementor-size-default\">Folgende Unternehmen aus dem Raum Heilbronn sind Teil des Rundgangs:<\/h3>\t\t\t\t<\/div>\n\t\t\t\t<\/div>\n\t\t\t\t<div class=\"elementor-element elementor-element-e86ccfa elementor-widget elementor-widget-text-editor\" data-id=\"e86ccfa\" data-element_type=\"widget\" data-widget_type=\"text-editor.default\">\n\t\t\t\t<div class=\"elementor-widget-container\">\n\t\t\t\t\t\t\t\t\t<ul><li><a href=\"https:\/\/www.heilbronn.allaboutautomation.de\/de\/exhibitors\/wirtschaftsfoerderung-raum-heilbronn-gmbh-234168\/\">Wirtschaftsf\u00f6rderung Raum Heilbronn GmbH<\/a><\/li><li><a href=\"https:\/\/www.heilbronn.allaboutautomation.de\/de\/exhibitors\/sic-software-gmbh-203158\/\">SIC! Software GmbH<\/a><\/li><li><a href=\"https:\/\/www.heilbronn.allaboutautomation.de\/de\/exhibitors\/schunk-se-co-kg-221341\/\">Schunk SE &amp; Co.KG<\/a><\/li><li><a href=\"https:\/\/www.heilbronn.allaboutautomation.de\/de\/exhibitors\/fibro-rundtische-gmbh-227439\/\">FIBRO Rundtische GmbH<\/a><\/li><li><a href=\"https:\/\/www.heilbronn.allaboutautomation.de\/de\/exhibitors\/adamczewski-elektronische-messtechnik-gmbh-213107\/\">Adamczewski Elektronische Messtechnik GmbH<\/a><\/li><\/ul>\t\t\t\t\t\t\t\t<\/div>\n\t\t\t\t<\/div>\n\t\t\t\t<\/div>\n\t\t<div class=\"elementor-element elementor-element-9c84680 e-con-full e-flex e-con e-child\" data-id=\"9c84680\" data-element_type=\"container\" data-settings=\"{&quot;background_background&quot;:&quot;classic&quot;}\">\n\t\t\t\t<div class=\"elementor-element elementor-element-e39af7a elementor-widget elementor-widget-heading\" data-id=\"e39af7a\" data-element_type=\"widget\" data-widget_type=\"heading.default\">\n\t\t\t\t<div class=\"elementor-widget-container\">\n\t\t\t\t\t<h2 class=\"elementor-heading-title elementor-size-default\">Wann und Wo<\/h2>\t\t\t\t<\/div>\n\t\t\t\t<\/div>\n\t\t\t\t<div class=\"elementor-element elementor-element-d1d9677 elementor-widget__width-initial elementor-widget elementor-widget-text-editor\" data-id=\"d1d9677\" data-element_type=\"widget\" data-widget_type=\"text-editor.default\">\n\t\t\t\t<div class=\"elementor-widget-container\">\n\t\t\t\t\t\t\t\t\t<b>6. Mai 2026<\/b> | <b>11:00 \u2013 12:00 Uhr<\/b><br>\nWeitere Infos zum Treffpunkt folgen in K\u00fcrze.\t\t\t\t\t\t\t\t<\/div>\n\t\t\t\t<\/div>\n\t\t\t\t<div class=\"elementor-element elementor-element-b37f218 elementor-widget elementor-widget-heading\" data-id=\"b37f218\" data-element_type=\"widget\" data-widget_type=\"heading.default\">\n\t\t\t\t<div class=\"elementor-widget-container\">\n\t\t\t\t\t<h2 class=\"elementor-heading-title elementor-size-default\">Teilnahme und Anmeldung<\/h2>\t\t\t\t<\/div>\n\t\t\t\t<\/div>\n\t\t\t\t<div class=\"elementor-element elementor-element-81bb7eb elementor-widget elementor-widget-text-editor\" data-id=\"81bb7eb\" data-element_type=\"widget\" data-widget_type=\"text-editor.default\">\n\t\t\t\t<div class=\"elementor-widget-container\">\n\t\t\t\t\t\t\t\t\t<p>Die Teilnahme ist kostenfrei. Sichern Sie sich jetzt einen der begrenzten Pl\u00e4tze. Melden Sie sich hier f\u00fcr den Rundgang an.<\/p>\t\t\t\t\t\t\t\t<\/div>\n\t\t\t\t<\/div>\n\t\t\t\t<div class=\"elementor-element elementor-element-4e8308f elementor-widget elementor-widget-text-editor\" data-id=\"4e8308f\" data-element_type=\"widget\" data-widget_type=\"text-editor.default\">\n\t\t\t\t<div class=\"elementor-widget-container\">\n\t\t\t\t\t\t\t\t\t<p>F\u00fcr die Teilnahme am Rundgang ist ein g\u00fcltiges Messeticket erforderlich. Falls Sie noch kein Ticket besitzen, k\u00f6nnen Sie sich dieses direkt hier im Rahmen der Anmeldung sichern.<\/p>\t\t\t\t\t\t\t\t<\/div>\n\t\t\t\t<\/div>\n\t\t<div class=\"elementor-element elementor-element-e933c82 e-grid e-con-full e-con e-child\" data-id=\"e933c82\" data-element_type=\"container\">\n\t\t\t\t<div class=\"elementor-element elementor-element-bb2ccaf elementor-widget__width-auto elementor-widget elementor-widget-button\" data-id=\"bb2ccaf\" data-element_type=\"widget\" data-widget_type=\"button.default\">\n\t\t\t\t<div class=\"elementor-widget-container\">\n\t\t\t\t\t\t\t\t\t<div class=\"elementor-button-wrapper\">\n\t\t\t\t\t<a class=\"elementor-button elementor-button-link elementor-size-sm\" href=\"https:\/\/events.wfghn.de\/News-Termine\/Veranstaltungen3\/event.php?vnrtoken=JMsDnHclaguQo92VhiWjub8FiJI0HnbuA1MGP6DF\/2\/QQgf04lZYFxL8oyeNxJS5wGUhia7fr7n+QkQ7QlmA\/BnyiA7O4ZWNwWH47KIQhhUxum7mT47N5YDpBBG5obWCbUcslbZpjnh3iUXZ8AkwfwflBwbvdqkxYTlX56bVgi5tvSnPlxEKsHxBn2EyyqS9po877K9r\/dBtPNHUxhhs+lwvFCnHkr1QqLhsGuwa+y0INMjGOLjW2tqKunhL1\/eD1xtfHgmok\/UDcfZv4Fq\/Sy7nn6LcWHVnKe+wtMoGHcPcxGBwcXzuIH7szJHpC1z+vwa+7HQyTTEZthpS6EkkmQxx4tpgP+ld3ySBQEEcpgy+cZZ95c\/I0zWWQsEazLpt3gLSipx\/toXBb6oM\/AGZd9OirW97K0\/m9fj39HhTWMh6Ts0UjM493rWLFgyrzUjyXN\/Qxj3jxz+l0faqC0DvKn4=\" target=\"_blank\">\n\t\t\t\t\t\t<span class=\"elementor-button-content-wrapper\">\n\t\t\t\t\t\t\t\t\t<span class=\"elementor-button-text\">Kostenlos anmelden<\/span>\n\t\t\t\t\t<\/span>\n\t\t\t\t\t<\/a>\n\t\t\t\t<\/div>\n\t\t\t\t\t\t\t\t<\/div>\n\t\t\t\t<\/div>\n\t\t\t\t<div class=\"elementor-element elementor-element-c0576e9 elementor-widget__width-auto elementor-widget elementor-widget-button\" data-id=\"c0576e9\" data-element_type=\"widget\" data-widget_type=\"button.default\">\n\t\t\t\t<div class=\"elementor-widget-container\">\n\t\t\t\t\t\t\t\t\t<div class=\"elementor-button-wrapper\">\n\t\t\t\t\t<a class=\"elementor-button elementor-button-link elementor-size-sm\" href=\"https:\/\/www.allaboutautomation.de\/de\/heilbronn\/messeticket-heilbronn\/\" target=\"_blank\">\n\t\t\t\t\t\t<span class=\"elementor-button-content-wrapper\">\n\t\t\t\t\t\t\t\t\t<span class=\"elementor-button-text\">Messeticket sichern<\/span>\n\t\t\t\t\t<\/span>\n\t\t\t\t\t<\/a>\n\t\t\t\t<\/div>\n\t\t\t\t\t\t\t\t<\/div>\n\t\t\t\t<\/div>\n\t\t\t\t<\/div>\n\t\t\t\t<\/div>\n\t\t\t\t<\/div>\n\t\t<div class=\"elementor-element elementor-element-ccfb6bb e-flex e-con-boxed e-con e-parent\" data-id=\"ccfb6bb\" data-element_type=\"container\">\n\t\t\t\t\t<div class=\"e-con-inner\">\n\t\t\t\t<div class=\"elementor-element elementor-element-1885372 elementor-widget elementor-widget-spacer\" data-id=\"1885372\" data-element_type=\"widget\" data-widget_type=\"spacer.default\">\n\t\t\t\t<div class=\"elementor-widget-container\">\n\t\t\t\t\t\t\t<div class=\"elementor-spacer\">\n\t\t\t<div class=\"elementor-spacer-inner\"><\/div>\n\t\t<\/div>\n\t\t\t\t\t\t<\/div>\n\t\t\t\t<\/div>\n\t\t\t\t\t<\/div>\n\t\t\t\t<\/div>\n\t\t\t\t<section class=\"elementor-section elementor-top-section elementor-element elementor-element-3129c8a elementor-section-full_width elementor-section-height-default elementor-section-height-default\" data-id=\"3129c8a\" data-element_type=\"section\">\n\t\t\t\t\t\t<div class=\"elementor-container elementor-column-gap-default\">\n\t\t\t\t\t<div class=\"elementor-column elementor-col-100 elementor-top-column elementor-element elementor-element-0603189\" data-id=\"0603189\" data-element_type=\"column\">\n\t\t\t<div class=\"elementor-widget-wrap elementor-element-populated\">\n\t\t\t\t\t\t<div class=\"elementor-element elementor-element-c175141 elementor-widget elementor-widget-template\" data-id=\"c175141\" data-element_type=\"widget\" data-widget_type=\"template.default\">\n\t\t\t\t<div class=\"elementor-widget-container\">\n\t\t\t\t\t\t\t<div class=\"elementor-template\">\n\t\t\t\t\t<div data-elementor-type=\"section\" data-elementor-id=\"48764\" class=\"elementor elementor-48764\" data-elementor-post-type=\"elementor_library\">\n\t\t\t\t\t<section class=\"elementor-section elementor-top-section elementor-element elementor-element-c08dacb elementor-section-boxed elementor-section-height-default elementor-section-height-default\" data-id=\"c08dacb\" data-element_type=\"section\" data-settings=\"{&quot;background_background&quot;:&quot;classic&quot;,&quot;animation&quot;:&quot;none&quot;}\">\n\t\t\t\t\t\t\t<div class=\"elementor-background-overlay\"><\/div>\n\t\t\t\t\t\t\t<div class=\"elementor-container elementor-column-gap-custom\">\n\t\t\t\t\t<div class=\"elementor-column elementor-col-50 elementor-top-column elementor-element elementor-element-024d0e2\" data-id=\"024d0e2\" data-element_type=\"column\">\n\t\t\t<div class=\"elementor-widget-wrap elementor-element-populated\">\n\t\t\t\t\t\t<div class=\"elementor-element elementor-element-eeaea52 elementor-widget elementor-widget-text-editor\" data-id=\"eeaea52\" data-element_type=\"widget\" data-widget_type=\"text-editor.default\">\n\t\t\t\t<div class=\"elementor-widget-container\">\n\t\t\t\t\t\t\t\t\t<h2>D\u00fcrfen wir Ihnen weiterhelfen?<\/h2>\t\t\t\t\t\t\t\t<\/div>\n\t\t\t\t<\/div>\n\t\t\t\t\t<\/div>\n\t\t<\/div>\n\t\t\t\t<div class=\"elementor-column elementor-col-25 elementor-top-column elementor-element elementor-element-f5d2e01\" data-id=\"f5d2e01\" data-element_type=\"column\">\n\t\t\t<div class=\"elementor-widget-wrap elementor-element-populated\">\n\t\t\t\t\t\t<div class=\"elementor-element elementor-element-8a4b552 elementor-widget elementor-widget-text-editor\" data-id=\"8a4b552\" data-element_type=\"widget\" data-widget_type=\"text-editor.default\">\n\t\t\t\t<div class=\"elementor-widget-container\">\n\t\t\t\t\t\t\t\t\t<p><strong>Kontakt f\u00fcr Aussteller<\/strong><br \/>Tel.: +49 711 217267 70<br \/><a href=\"mailto:aaa-messe@easyfairs.com\">E-Mail<\/a><\/p>\t\t\t\t\t\t\t\t<\/div>\n\t\t\t\t<\/div>\n\t\t\t\t\t<\/div>\n\t\t<\/div>\n\t\t\t\t<div class=\"elementor-column elementor-col-25 elementor-top-column elementor-element elementor-element-8fe0072\" data-id=\"8fe0072\" data-element_type=\"column\">\n\t\t\t<div class=\"elementor-widget-wrap elementor-element-populated\">\n\t\t\t\t\t\t<div class=\"elementor-element elementor-element-7171118 elementor-widget elementor-widget-text-editor\" data-id=\"7171118\" data-element_type=\"widget\" data-widget_type=\"text-editor.default\">\n\t\t\t\t<div class=\"elementor-widget-container\">\n\t\t\t\t\t\t\t\t\t<p><strong>Kontakt fu\u0308r Besucher<\/strong><br \/>Tel.: +49 711 217267 10<br \/><a href=\"mailto:aaa-messe@easyfairs.com\">E-Mail<\/a><\/p>\t\t\t\t\t\t\t\t<\/div>\n\t\t\t\t<\/div>\n\t\t\t\t\t<\/div>\n\t\t<\/div>\n\t\t\t\t\t<\/div>\n\t\t<\/section>\n\t\t\t\t<\/div>\n\t\t\t\t<\/div>\n\t\t\t\t\t\t<\/div>\n\t\t\t\t<\/div>\n\t\t\t\t\t<\/div>\n\t\t<\/div>\n\t\t\t\t\t<\/div>\n\t\t<\/section>\n\t\t\t\t<\/div>\n\t\t","protected":false},"excerpt":{"rendered":"<p>Rundg\u00e4nge Heilbronn 6. + 7. Mai 2026 Gef\u00fchrte Messerundg\u00e4nge durch die Messehallen von der Wirtschaftsf\u00f6rderung Raum Heilbronn Entdecken Sie die Highlights der all about automation im Rahmen unserer gef\u00fchrten Messerundg\u00e4nge direkt in den Messehallen. Freuen Sie sich auf spannende Stationen, an denen Ihnen Aussteller und Experten live ihre L\u00f6sungen, Innovationen und Best Practices pr\u00e4sentieren. Erhalten [&hellip;]<\/p>\n","protected":false},"author":1634,"featured_media":0,"parent":57230,"menu_order":0,"comment_status":"closed","ping_status":"closed","template":"","meta":{"_seopress_robots_primary_cat":"","_seopress_titles_title":"","_seopress_titles_desc":"","_seopress_robots_index":"","footnotes":""},"class_list":["post-449783","page","type-page","status-publish","hentry"],"_links":{"self":[{"href":"https:\/\/www.allaboutautomation.de\/de\/wp-json\/wp\/v2\/pages\/449783","targetHints":{"allow":["GET"]}}],"collection":[{"href":"https:\/\/www.allaboutautomation.de\/de\/wp-json\/wp\/v2\/pages"}],"about":[{"href":"https:\/\/www.allaboutautomation.de\/de\/wp-json\/wp\/v2\/types\/page"}],"author":[{"embeddable":true,"href":"https:\/\/www.allaboutautomation.de\/de\/wp-json\/wp\/v2\/users\/1634"}],"replies":[{"embeddable":true,"href":"https:\/\/www.allaboutautomation.de\/de\/wp-json\/wp\/v2\/comments?post=449783"}],"version-history":[{"count":5,"href":"https:\/\/www.allaboutautomation.de\/de\/wp-json\/wp\/v2\/pages\/449783\/revisions"}],"predecessor-version":[{"id":457607,"href":"https:\/\/www.allaboutautomation.de\/de\/wp-json\/wp\/v2\/pages\/449783\/revisions\/457607"}],"up":[{"embeddable":true,"href":"https:\/\/www.allaboutautomation.de\/de\/wp-json\/wp\/v2\/pages\/57230"}],"wp:attachment":[{"href":"https:\/\/www.allaboutautomation.de\/de\/wp-json\/wp\/v2\/media?parent=449783"}],"curies":[{"name":"wp","href":"https:\/\/api.w.org\/{rel}","templated":true}]}}