{"id":431548,"date":"2025-01-15T14:17:40","date_gmt":"2025-01-15T13:17:40","guid":{"rendered":"https:\/\/www.allaboutautomation.de\/?page_id=431548"},"modified":"2025-02-26T09:18:23","modified_gmt":"2025-02-26T08:18:23","slug":"messeapp-besucher","status":"publish","type":"page","link":"https:\/\/www.allaboutautomation.de\/de\/messeapp-besucher\/","title":{"rendered":"Messe-App Besucher"},"content":{"rendered":"\t\t<div data-elementor-type=\"wp-page\" data-elementor-id=\"431548\" class=\"elementor elementor-431548\" data-elementor-post-type=\"page\">\n\t\t\t\t\t\t<section class=\"elementor-section elementor-top-section elementor-element elementor-element-3f27e578 elementor-section-height-min-height elementor-section-boxed elementor-section-height-default elementor-section-items-middle\" data-id=\"3f27e578\" data-element_type=\"section\" data-settings=\"{&quot;background_background&quot;:&quot;classic&quot;}\">\n\t\t\t\t\t\t\t<div class=\"elementor-background-overlay\"><\/div>\n\t\t\t\t\t\t\t<div class=\"elementor-container elementor-column-gap-wide\">\n\t\t\t\t\t<div class=\"elementor-column elementor-col-100 elementor-top-column elementor-element elementor-element-32f90c\" data-id=\"32f90c\" data-element_type=\"column\">\n\t\t\t<div class=\"elementor-widget-wrap elementor-element-populated\">\n\t\t\t\t\t\t<div class=\"elementor-element elementor-element-701adc4a elementor-widget elementor-widget-heading\" data-id=\"701adc4a\" data-element_type=\"widget\" data-widget_type=\"heading.default\">\n\t\t\t\t<div class=\"elementor-widget-container\">\n\t\t\t\t\t<h1 class=\"elementor-heading-title elementor-size-default\">Die APP zur Messe<\/h1>\t\t\t\t<\/div>\n\t\t\t\t<\/div>\n\t\t\t\t<div class=\"elementor-element elementor-element-5b3d2684 elementor-widget elementor-widget-heading\" data-id=\"5b3d2684\" data-element_type=\"widget\" data-widget_type=\"heading.default\">\n\t\t\t\t<div class=\"elementor-widget-container\">\n\t\t\t\t\t<h2 class=\"elementor-heading-title elementor-size-default\">Optimales Messeerlebnis mit der neuen Messe-App<\/h2>\t\t\t\t<\/div>\n\t\t\t\t<\/div>\n\t\t\t\t\t<\/div>\n\t\t<\/div>\n\t\t\t\t\t<\/div>\n\t\t<\/section>\n\t\t\t\t<section class=\"elementor-section elementor-top-section elementor-element elementor-element-45772fb elementor-section-boxed elementor-section-height-default elementor-section-height-default\" data-id=\"45772fb\" data-element_type=\"section\">\n\t\t\t\t\t\t<div class=\"elementor-container elementor-column-gap-default\">\n\t\t\t\t\t<div class=\"elementor-column elementor-col-100 elementor-top-column elementor-element elementor-element-67816390\" data-id=\"67816390\" data-element_type=\"column\">\n\t\t\t<div class=\"elementor-widget-wrap elementor-element-populated\">\n\t\t\t\t\t\t<div class=\"elementor-element elementor-element-7aefdfc9 elementor-widget elementor-widget-spacer\" data-id=\"7aefdfc9\" data-element_type=\"widget\" data-widget_type=\"spacer.default\">\n\t\t\t\t<div class=\"elementor-widget-container\">\n\t\t\t\t\t\t\t<div class=\"elementor-spacer\">\n\t\t\t<div class=\"elementor-spacer-inner\"><\/div>\n\t\t<\/div>\n\t\t\t\t\t\t<\/div>\n\t\t\t\t<\/div>\n\t\t\t\t\t<\/div>\n\t\t<\/div>\n\t\t\t\t\t<\/div>\n\t\t<\/section>\n\t\t\t\t<section class=\"elementor-section elementor-top-section elementor-element elementor-element-18e46e73 elementor-section-boxed elementor-section-height-default elementor-section-height-default\" data-id=\"18e46e73\" data-element_type=\"section\" data-settings=\"{&quot;background_background&quot;:&quot;classic&quot;}\">\n\t\t\t\t\t\t<div class=\"elementor-container elementor-column-gap-custom\">\n\t\t\t\t\t<div class=\"elementor-column elementor-col-50 elementor-top-column elementor-element elementor-element-9ff0194\" data-id=\"9ff0194\" data-element_type=\"column\" data-settings=\"{&quot;background_background&quot;:&quot;classic&quot;}\">\n\t\t\t<div class=\"elementor-widget-wrap elementor-element-populated\">\n\t\t\t\t\t\t<div class=\"elementor-element elementor-element-5144c01 elementor-widget__width-initial elementor-widget elementor-widget-heading\" data-id=\"5144c01\" data-element_type=\"widget\" data-widget_type=\"heading.default\">\n\t\t\t\t<div class=\"elementor-widget-container\">\n\t\t\t\t\t<h3 class=\"elementor-heading-title elementor-size-default\">Auf einen Blick<\/h3>\t\t\t\t<\/div>\n\t\t\t\t<\/div>\n\t\t\t\t<div class=\"elementor-element elementor-element-4be0088 elementor-widget__width-initial elementor-widget elementor-widget-heading\" data-id=\"4be0088\" data-element_type=\"widget\" data-widget_type=\"heading.default\">\n\t\t\t\t<div class=\"elementor-widget-container\">\n\t\t\t\t\t<h2 class=\"elementor-heading-title elementor-size-default\">Ihre Vorteile mit der App<\/h2>\t\t\t\t<\/div>\n\t\t\t\t<\/div>\n\t\t\t\t<div class=\"elementor-element elementor-element-12b0158c elementor-widget elementor-widget-spacer\" data-id=\"12b0158c\" data-element_type=\"widget\" data-widget_type=\"spacer.default\">\n\t\t\t\t<div class=\"elementor-widget-container\">\n\t\t\t\t\t\t\t<div class=\"elementor-spacer\">\n\t\t\t<div class=\"elementor-spacer-inner\"><\/div>\n\t\t<\/div>\n\t\t\t\t\t\t<\/div>\n\t\t\t\t<\/div>\n\t\t\t\t<div class=\"elementor-element elementor-element-723f19fc elementor-widget elementor-widget-text-editor\" data-id=\"723f19fc\" data-element_type=\"widget\" data-widget_type=\"text-editor.default\">\n\t\t\t\t<div class=\"elementor-widget-container\">\n\t\t\t\t\t\t\t\t\t<p>Die Messe-App optimiert Ihr Besuchserlebnis \u2013 vor, w\u00e4hrend und nach der Messe! Sie ist mehr als ein Planungstool und wird zu Ihrem pers\u00f6nlichen Assistenten. Ihre Vorteile mit der Messe-App:<\/p>\t\t\t\t\t\t\t\t<\/div>\n\t\t\t\t<\/div>\n\t\t\t\t<div class=\"elementor-element elementor-element-41c86149 elementor-widget__width-initial elementor-widget elementor-widget-text-editor\" data-id=\"41c86149\" data-element_type=\"widget\" data-widget_type=\"text-editor.default\">\n\t\t\t\t<div class=\"elementor-widget-container\">\n\t\t\t\t\t\t\t\t\t<ul><li><b>Auf einen Blick:\u00a0 <\/b>Alle Aussteller, alle Produkte, alle Vortr\u00e4ge und Sonderaktionen\u00a0<\/li><li><strong>Kontakte kn\u00fcpfen:<\/strong>\u00a0<span style=\"line-height: 140%;\" data-olk-copy-source=\"MessageBody\">Treten Sie vor Ihrem Messebesuch mit Ausstellern in Kontakt und planen Sie direkt ein Treffen auf der Messe.<\/span><\/li><li><strong>Pers\u00f6nlicher Kalender:<\/strong>\u00a0<span style=\"line-height: 140%;\" data-olk-copy-source=\"MessageBody\">Erstellen Sie Ihr pers\u00f6nliches Programm, indem Sie Vortr\u00e4ge und Meetings in Ihren Kalender hinzuf\u00fcgen.<\/span><\/li><li><strong>Networking-Empfehlungen<\/strong>\u00a0<span style=\"line-height: 140%;\" data-olk-copy-source=\"MessageBody\">Erhalten Sie Empfehlungen, die auf Ihre Interessen und beruflichen Bed\u00fcrfnisse zugeschnitten sind.<\/span><\/li><li><strong>Immer auf dem neuesten Stand:<\/strong> Sie erhalten Ereignisaktualisierungen und Benachrichtigungen in Echtzeit.<\/li><\/ul>\t\t\t\t\t\t\t\t<\/div>\n\t\t\t\t<\/div>\n\t\t\t\t<div class=\"elementor-element elementor-element-7b6fc80a elementor-widget elementor-widget-spacer\" data-id=\"7b6fc80a\" data-element_type=\"widget\" data-widget_type=\"spacer.default\">\n\t\t\t\t<div class=\"elementor-widget-container\">\n\t\t\t\t\t\t\t<div class=\"elementor-spacer\">\n\t\t\t<div class=\"elementor-spacer-inner\"><\/div>\n\t\t<\/div>\n\t\t\t\t\t\t<\/div>\n\t\t\t\t<\/div>\n\t\t\t\t\t<\/div>\n\t\t<\/div>\n\t\t\t\t<div class=\"elementor-column elementor-col-50 elementor-top-column elementor-element elementor-element-4fff56b3\" data-id=\"4fff56b3\" data-element_type=\"column\">\n\t\t\t<div class=\"elementor-widget-wrap elementor-element-populated\">\n\t\t\t\t\t\t<div class=\"elementor-element elementor-element-3cdeb4b5 elementor-widget elementor-widget-spacer\" data-id=\"3cdeb4b5\" data-element_type=\"widget\" data-widget_type=\"spacer.default\">\n\t\t\t\t<div class=\"elementor-widget-container\">\n\t\t\t\t\t\t\t<div class=\"elementor-spacer\">\n\t\t\t<div class=\"elementor-spacer-inner\"><\/div>\n\t\t<\/div>\n\t\t\t\t\t\t<\/div>\n\t\t\t\t<\/div>\n\t\t\t\t<div class=\"elementor-element elementor-element-b2228b6 elementor-widget__width-auto elementor-widget elementor-widget-image\" data-id=\"b2228b6\" data-element_type=\"widget\" data-widget_type=\"image.default\">\n\t\t\t\t<div class=\"elementor-widget-container\">\n\t\t\t\t\t\t\t\t\t\t\t\t\t\t\t<img fetchpriority=\"high\" decoding=\"async\" width=\"800\" height=\"800\" src=\"https:\/\/easyfairsassets.com\/sites\/266\/2025\/01\/Grip_Mobileview_aaa_digital-1024x1024.png\" class=\"attachment-large size-large wp-image-431498\" alt=\"\" srcset=\"https:\/\/easyfairsassets.com\/sites\/266\/2025\/01\/Grip_Mobileview_aaa_digital-1024x1024.png 1024w, https:\/\/easyfairsassets.com\/sites\/266\/2025\/01\/Grip_Mobileview_aaa_digital-300x300.png 300w, https:\/\/easyfairsassets.com\/sites\/266\/2025\/01\/Grip_Mobileview_aaa_digital-150x150.png 150w, https:\/\/easyfairsassets.com\/sites\/266\/2025\/01\/Grip_Mobileview_aaa_digital-768x768.png 768w, https:\/\/easyfairsassets.com\/sites\/266\/2025\/01\/Grip_Mobileview_aaa_digital-1536x1536.png 1536w, https:\/\/easyfairsassets.com\/sites\/266\/2025\/01\/Grip_Mobileview_aaa_digital.png 1920w\" sizes=\"(max-width: 800px) 100vw, 800px\" \/>\t\t\t\t\t\t\t\t\t\t\t\t\t\t\t<\/div>\n\t\t\t\t<\/div>\n\t\t\t\t\t<\/div>\n\t\t<\/div>\n\t\t\t\t\t<\/div>\n\t\t<\/section>\n\t\t\t\t<section class=\"elementor-section elementor-top-section elementor-element elementor-element-43e2a2fe elementor-section-boxed elementor-section-height-default elementor-section-height-default\" data-id=\"43e2a2fe\" data-element_type=\"section\">\n\t\t\t\t\t\t<div class=\"elementor-container elementor-column-gap-default\">\n\t\t\t\t\t<div class=\"elementor-column elementor-col-100 elementor-top-column elementor-element elementor-element-49379b6e\" data-id=\"49379b6e\" data-element_type=\"column\">\n\t\t\t<div class=\"elementor-widget-wrap elementor-element-populated\">\n\t\t\t\t\t\t<div class=\"elementor-element elementor-element-657ce54c elementor-widget elementor-widget-spacer\" data-id=\"657ce54c\" data-element_type=\"widget\" data-widget_type=\"spacer.default\">\n\t\t\t\t<div class=\"elementor-widget-container\">\n\t\t\t\t\t\t\t<div class=\"elementor-spacer\">\n\t\t\t<div class=\"elementor-spacer-inner\"><\/div>\n\t\t<\/div>\n\t\t\t\t\t\t<\/div>\n\t\t\t\t<\/div>\n\t\t\t\t\t<\/div>\n\t\t<\/div>\n\t\t\t\t\t<\/div>\n\t\t<\/section>\n\t\t\t\t<section class=\"elementor-section elementor-top-section elementor-element elementor-element-44affd2d elementor-hidden-desktop elementor-hidden-tablet elementor-hidden-mobile elementor-section-boxed elementor-section-height-default elementor-section-height-default\" data-id=\"44affd2d\" data-element_type=\"section\" data-settings=\"{&quot;background_background&quot;:&quot;classic&quot;}\">\n\t\t\t\t\t\t<div class=\"elementor-container elementor-column-gap-custom\">\n\t\t\t\t\t<div class=\"elementor-column elementor-col-50 elementor-top-column elementor-element elementor-element-7022f956\" data-id=\"7022f956\" data-element_type=\"column\" data-settings=\"{&quot;background_background&quot;:&quot;classic&quot;}\">\n\t\t\t<div class=\"elementor-widget-wrap elementor-element-populated\">\n\t\t\t\t\t\t<div class=\"elementor-element elementor-element-5272eb3c elementor-widget__width-initial elementor-widget elementor-widget-heading\" data-id=\"5272eb3c\" data-element_type=\"widget\" data-widget_type=\"heading.default\">\n\t\t\t\t<div class=\"elementor-widget-container\">\n\t\t\t\t\t<h2 class=\"elementor-heading-title elementor-size-default\">Wie es funktioniert?<\/h2>\t\t\t\t<\/div>\n\t\t\t\t<\/div>\n\t\t\t\t<div class=\"elementor-element elementor-element-6f5a1de4 elementor-widget elementor-widget-spacer\" data-id=\"6f5a1de4\" data-element_type=\"widget\" data-widget_type=\"spacer.default\">\n\t\t\t\t<div class=\"elementor-widget-container\">\n\t\t\t\t\t\t\t<div class=\"elementor-spacer\">\n\t\t\t<div class=\"elementor-spacer-inner\"><\/div>\n\t\t<\/div>\n\t\t\t\t\t\t<\/div>\n\t\t\t\t<\/div>\n\t\t\t\t<div class=\"elementor-element elementor-element-2eaa810f elementor-widget__width-initial elementor-widget elementor-widget-text-editor\" data-id=\"2eaa810f\" data-element_type=\"widget\" data-widget_type=\"text-editor.default\">\n\t\t\t\t<div class=\"elementor-widget-container\">\n\t\t\t\t\t\t\t\t\t<ol><li><strong>Registrieren Sie sich zun\u00e4chst f\u00fcr Messe:<\/strong> Sobald die Messe-App aktiv ist, erhalten Sie automatisch eine E-Mail mit Ihren Zugangsdaten.<\/li><li><strong>Richten Sie Ihr Profil ein:<\/strong>\u00a0Erz\u00e4hlen Sie uns von Ihren Interessen, Ihrer Unternehmenst\u00e4tigkeit und was Sie w\u00e4hrend der Veranstaltung suchen.<\/li><li><strong>Beginnen Sie, Leute zu treffen:<\/strong>\u00a0Entdecken Sie Empfehlungen, kn\u00fcpfen Sie Kontakte zu anderen Fachleuten und planen Sie einige Treffen auf der Messe.<\/li><li><strong>Machen Sie das Beste aus Ihrem Messebesuch:<\/strong>\u00a0Mit Ihrem pers\u00f6nlichen Zeitplan k\u00f6nnen Sie sich darauf konzentrieren, neue Kontakte zu kn\u00fcpfen und wertvolle Erkenntnisse zu gewinnen.<\/li><\/ol>\t\t\t\t\t\t\t\t<\/div>\n\t\t\t\t<\/div>\n\t\t\t\t<div class=\"elementor-element elementor-element-430d9fe5 elementor-widget elementor-widget-spacer\" data-id=\"430d9fe5\" data-element_type=\"widget\" data-widget_type=\"spacer.default\">\n\t\t\t\t<div class=\"elementor-widget-container\">\n\t\t\t\t\t\t\t<div class=\"elementor-spacer\">\n\t\t\t<div class=\"elementor-spacer-inner\"><\/div>\n\t\t<\/div>\n\t\t\t\t\t\t<\/div>\n\t\t\t\t<\/div>\n\t\t\t\t\t<\/div>\n\t\t<\/div>\n\t\t\t\t<div class=\"elementor-column elementor-col-50 elementor-top-column elementor-element elementor-element-7779c0d5\" data-id=\"7779c0d5\" data-element_type=\"column\">\n\t\t\t<div class=\"elementor-widget-wrap\">\n\t\t\t\t\t\t\t<\/div>\n\t\t<\/div>\n\t\t\t\t\t<\/div>\n\t\t<\/section>\n\t\t\t\t<section class=\"elementor-section elementor-top-section elementor-element elementor-element-b111470 elementor-section-boxed elementor-section-height-default elementor-section-height-default\" data-id=\"b111470\" data-element_type=\"section\" data-settings=\"{&quot;background_background&quot;:&quot;classic&quot;}\">\n\t\t\t\t\t\t<div class=\"elementor-container elementor-column-gap-custom\">\n\t\t\t\t\t<div class=\"elementor-column elementor-col-50 elementor-top-column elementor-element elementor-element-a166b57\" data-id=\"a166b57\" data-element_type=\"column\" data-settings=\"{&quot;background_background&quot;:&quot;classic&quot;}\">\n\t\t\t<div class=\"elementor-widget-wrap elementor-element-populated\">\n\t\t\t\t\t\t<div class=\"elementor-element elementor-element-909e110 elementor-widget__width-initial elementor-widget elementor-widget-heading\" data-id=\"909e110\" data-element_type=\"widget\" data-widget_type=\"heading.default\">\n\t\t\t\t<div class=\"elementor-widget-container\">\n\t\t\t\t\t<h2 class=\"elementor-heading-title elementor-size-default\">Wie es funktioniert?<\/h2>\t\t\t\t<\/div>\n\t\t\t\t<\/div>\n\t\t\t\t<div class=\"elementor-element elementor-element-f3c5318 elementor-widget elementor-widget-spacer\" data-id=\"f3c5318\" data-element_type=\"widget\" data-widget_type=\"spacer.default\">\n\t\t\t\t<div class=\"elementor-widget-container\">\n\t\t\t\t\t\t\t<div class=\"elementor-spacer\">\n\t\t\t<div class=\"elementor-spacer-inner\"><\/div>\n\t\t<\/div>\n\t\t\t\t\t\t<\/div>\n\t\t\t\t<\/div>\n\t\t\t\t<div class=\"elementor-element elementor-element-49a5545 elementor-widget__width-initial elementor-widget elementor-widget-text-editor\" data-id=\"49a5545\" data-element_type=\"widget\" data-widget_type=\"text-editor.default\">\n\t\t\t\t<div class=\"elementor-widget-container\">\n\t\t\t\t\t\t\t\t\t<ol><li><strong>Registrieren Sie sich zun\u00e4chst f\u00fcr die Messe:<\/strong>\u00a0Sobald die Messe-App aktiv ist, erhalten Sie automatisch Ihre Zugangsdaten per E-Mail.\u00a0<\/li><li><strong>Laden Sie die App herunter:<\/strong>\u00a0Mit Ihren Zugangsdaten erhalten Sie auch den Link zum Downloaden der App auf Ihrem Smartphone.\u00a0Alternativ k\u00f6nnen Sie auch die App\u00a0auf Ihrem Desktop nutzen.<\/li><li><strong>Richten Sie Ihr Profil ein:<\/strong>\u00a0Erz\u00e4hlen Sie uns von Ihren Interessen, Ihrer Unternehmenst\u00e4tigkeit und was Sie w\u00e4hrend der Veranstaltung suchen.<\/li><li><strong>Beginnen Sie, Leute zu treffen:<\/strong>\u00a0Entdecken Sie Empfehlungen, kn\u00fcpfen Sie Kontakte zu anderen Fachleuten und planen Sie einige Treffen auf der Messe.<\/li><li><strong>Machen Sie das Beste aus Ihrem Messebesuch:<\/strong>\u00a0Mit Ihrem pers\u00f6nlichen Zeitplan k\u00f6nnen Sie sich darauf konzentrieren, neue Kontakte zu kn\u00fcpfen und wertvolle Erkenntnisse zu gewinnen.<\/li><\/ol>\t\t\t\t\t\t\t\t<\/div>\n\t\t\t\t<\/div>\n\t\t\t\t<div class=\"elementor-element elementor-element-c9e366e elementor-widget elementor-widget-spacer\" data-id=\"c9e366e\" data-element_type=\"widget\" data-widget_type=\"spacer.default\">\n\t\t\t\t<div class=\"elementor-widget-container\">\n\t\t\t\t\t\t\t<div class=\"elementor-spacer\">\n\t\t\t<div class=\"elementor-spacer-inner\"><\/div>\n\t\t<\/div>\n\t\t\t\t\t\t<\/div>\n\t\t\t\t<\/div>\n\t\t\t\t\t<\/div>\n\t\t<\/div>\n\t\t\t\t<div class=\"elementor-column elementor-col-50 elementor-top-column elementor-element elementor-element-6270edc elementor-hidden-desktop elementor-hidden-tablet elementor-hidden-mobile\" data-id=\"6270edc\" data-element_type=\"column\">\n\t\t\t<div class=\"elementor-widget-wrap elementor-element-populated\">\n\t\t\t\t\t\t<div class=\"elementor-element elementor-element-f4503eb elementor-widget elementor-widget-image\" data-id=\"f4503eb\" data-element_type=\"widget\" data-widget_type=\"image.default\">\n\t\t\t\t<div class=\"elementor-widget-container\">\n\t\t\t\t\t\t\t\t\t\t\t\t\t\t\t<img decoding=\"async\" width=\"300\" height=\"300\" src=\"https:\/\/easyfairsassets.com\/sites\/266\/2025\/01\/qr-code_Grip_aaa_VIS-300x300.png\" class=\"attachment-medium size-medium wp-image-431592\" alt=\"\" srcset=\"https:\/\/easyfairsassets.com\/sites\/266\/2025\/01\/qr-code_Grip_aaa_VIS-300x300.png 300w, https:\/\/easyfairsassets.com\/sites\/266\/2025\/01\/qr-code_Grip_aaa_VIS-150x150.png 150w, https:\/\/easyfairsassets.com\/sites\/266\/2025\/01\/qr-code_Grip_aaa_VIS-768x769.png 768w, https:\/\/easyfairsassets.com\/sites\/266\/2025\/01\/qr-code_Grip_aaa_VIS.png 960w\" sizes=\"(max-width: 300px) 100vw, 300px\" \/>\t\t\t\t\t\t\t\t\t\t\t\t\t\t\t<\/div>\n\t\t\t\t<\/div>\n\t\t\t\t\t<\/div>\n\t\t<\/div>\n\t\t\t\t\t<\/div>\n\t\t<\/section>\n\t\t\t\t<section class=\"elementor-section elementor-top-section elementor-element elementor-element-607a426d elementor-section-boxed elementor-section-height-default elementor-section-height-default\" data-id=\"607a426d\" data-element_type=\"section\">\n\t\t\t\t\t\t<div class=\"elementor-container elementor-column-gap-default\">\n\t\t\t\t\t<div class=\"elementor-column elementor-col-100 elementor-top-column elementor-element elementor-element-880109c\" data-id=\"880109c\" data-element_type=\"column\">\n\t\t\t<div class=\"elementor-widget-wrap\">\n\t\t\t\t\t\t\t<\/div>\n\t\t<\/div>\n\t\t\t\t\t<\/div>\n\t\t<\/section>\n\t\t\t\t<\/div>\n\t\t","protected":false},"excerpt":{"rendered":"<p>Die APP zur Messe Optimales Messeerlebnis mit der neuen Messe-App Auf einen Blick Ihre Vorteile mit der App Die Messe-App optimiert Ihr Besuchserlebnis \u2013 vor, w\u00e4hrend und nach der Messe! Sie ist mehr als ein Planungstool und wird zu Ihrem pers\u00f6nlichen Assistenten. Ihre Vorteile mit der Messe-App: Auf einen Blick:\u00a0 Alle Aussteller, alle Produkte, alle [&hellip;]<\/p>\n","protected":false},"author":64,"featured_media":0,"parent":0,"menu_order":0,"comment_status":"closed","ping_status":"closed","template":"","meta":{"_seopress_robots_primary_cat":"","_seopress_titles_title":"Die Messe-App f\u00fcr Besucher zur all about automation","_seopress_titles_desc":"Diese App ist Planungs- und Matchmaking-Tool. Optimieren Sie Ihr Messe-Erlebnis vor, w\u00e4hrend und nach der Veranstaltung. ","_seopress_robots_index":"","footnotes":""},"class_list":["post-431548","page","type-page","status-publish","hentry"],"_links":{"self":[{"href":"https:\/\/www.allaboutautomation.de\/de\/wp-json\/wp\/v2\/pages\/431548","targetHints":{"allow":["GET"]}}],"collection":[{"href":"https:\/\/www.allaboutautomation.de\/de\/wp-json\/wp\/v2\/pages"}],"about":[{"href":"https:\/\/www.allaboutautomation.de\/de\/wp-json\/wp\/v2\/types\/page"}],"author":[{"embeddable":true,"href":"https:\/\/www.allaboutautomation.de\/de\/wp-json\/wp\/v2\/users\/64"}],"replies":[{"embeddable":true,"href":"https:\/\/www.allaboutautomation.de\/de\/wp-json\/wp\/v2\/comments?post=431548"}],"version-history":[{"count":5,"href":"https:\/\/www.allaboutautomation.de\/de\/wp-json\/wp\/v2\/pages\/431548\/revisions"}],"predecessor-version":[{"id":434909,"href":"https:\/\/www.allaboutautomation.de\/de\/wp-json\/wp\/v2\/pages\/431548\/revisions\/434909"}],"wp:attachment":[{"href":"https:\/\/www.allaboutautomation.de\/de\/wp-json\/wp\/v2\/media?parent=431548"}],"curies":[{"name":"wp","href":"https:\/\/api.w.org\/{rel}","templated":true}]}}