{"id":431494,"date":"2025-01-15T13:32:52","date_gmt":"2025-01-15T12:32:52","guid":{"rendered":"https:\/\/www.allaboutautomation.de\/?page_id=431494"},"modified":"2025-04-16T15:50:41","modified_gmt":"2025-04-16T13:50:41","slug":"messeapp-aussteller","status":"publish","type":"page","link":"https:\/\/www.allaboutautomation.de\/de\/messeapp-aussteller\/","title":{"rendered":"Messe-App Aussteller"},"content":{"rendered":"\t\t<div data-elementor-type=\"wp-page\" data-elementor-id=\"431494\" class=\"elementor elementor-431494\" data-elementor-post-type=\"page\">\n\t\t\t\t\t\t<section class=\"elementor-section elementor-top-section elementor-element elementor-element-b665d82 elementor-section-height-min-height elementor-section-boxed elementor-section-height-default elementor-section-items-middle\" data-id=\"b665d82\" data-element_type=\"section\" data-settings=\"{&quot;background_background&quot;:&quot;gradient&quot;}\">\n\t\t\t\t\t\t\t<div class=\"elementor-background-overlay\"><\/div>\n\t\t\t\t\t\t\t<div class=\"elementor-container elementor-column-gap-wide\">\n\t\t\t\t\t<div class=\"elementor-column elementor-col-100 elementor-top-column elementor-element elementor-element-691d3a18\" data-id=\"691d3a18\" data-element_type=\"column\">\n\t\t\t<div class=\"elementor-widget-wrap elementor-element-populated\">\n\t\t\t\t\t\t<div class=\"elementor-element elementor-element-296f7e57 elementor-widget elementor-widget-heading\" data-id=\"296f7e57\" data-element_type=\"widget\" data-widget_type=\"heading.default\">\n\t\t\t\t<div class=\"elementor-widget-container\">\n\t\t\t\t\t<h1 class=\"elementor-heading-title elementor-size-default\">Die APP zur Messe<\/h1>\t\t\t\t<\/div>\n\t\t\t\t<\/div>\n\t\t\t\t<div class=\"elementor-element elementor-element-54755320 elementor-widget elementor-widget-heading\" data-id=\"54755320\" data-element_type=\"widget\" data-widget_type=\"heading.default\">\n\t\t\t\t<div class=\"elementor-widget-container\">\n\t\t\t\t\t<h2 class=\"elementor-heading-title elementor-size-default\">Mehr Performance mit der neuen Messe-App<\/h2>\t\t\t\t<\/div>\n\t\t\t\t<\/div>\n\t\t\t\t\t<\/div>\n\t\t<\/div>\n\t\t\t\t\t<\/div>\n\t\t<\/section>\n\t\t\t\t<section class=\"elementor-section elementor-top-section elementor-element elementor-element-42890815 elementor-section-boxed elementor-section-height-default elementor-section-height-default\" data-id=\"42890815\" data-element_type=\"section\">\n\t\t\t\t\t\t<div class=\"elementor-container elementor-column-gap-default\">\n\t\t\t\t\t<div class=\"elementor-column elementor-col-100 elementor-top-column elementor-element elementor-element-4ab9081f\" data-id=\"4ab9081f\" data-element_type=\"column\">\n\t\t\t<div class=\"elementor-widget-wrap elementor-element-populated\">\n\t\t\t\t\t\t<div class=\"elementor-element elementor-element-34db5560 elementor-widget elementor-widget-spacer\" data-id=\"34db5560\" data-element_type=\"widget\" data-widget_type=\"spacer.default\">\n\t\t\t\t<div class=\"elementor-widget-container\">\n\t\t\t\t\t\t\t<div class=\"elementor-spacer\">\n\t\t\t<div class=\"elementor-spacer-inner\"><\/div>\n\t\t<\/div>\n\t\t\t\t\t\t<\/div>\n\t\t\t\t<\/div>\n\t\t\t\t\t<\/div>\n\t\t<\/div>\n\t\t\t\t\t<\/div>\n\t\t<\/section>\n\t\t\t\t<section class=\"elementor-section elementor-top-section elementor-element elementor-element-25071e8 elementor-section-boxed elementor-section-height-default elementor-section-height-default\" data-id=\"25071e8\" data-element_type=\"section\" data-settings=\"{&quot;background_background&quot;:&quot;classic&quot;}\">\n\t\t\t\t\t\t<div class=\"elementor-container elementor-column-gap-custom\">\n\t\t\t\t\t<div class=\"elementor-column elementor-col-50 elementor-top-column elementor-element elementor-element-2c0ffd1\" data-id=\"2c0ffd1\" data-element_type=\"column\" data-settings=\"{&quot;background_background&quot;:&quot;classic&quot;}\">\n\t\t\t<div class=\"elementor-widget-wrap elementor-element-populated\">\n\t\t\t\t\t\t<div class=\"elementor-element elementor-element-55fd5b24 elementor-widget__width-initial elementor-widget elementor-widget-heading\" data-id=\"55fd5b24\" data-element_type=\"widget\" data-widget_type=\"heading.default\">\n\t\t\t\t<div class=\"elementor-widget-container\">\n\t\t\t\t\t<h3 class=\"elementor-heading-title elementor-size-default\">Auf einen Blick<\/h3>\t\t\t\t<\/div>\n\t\t\t\t<\/div>\n\t\t\t\t<div class=\"elementor-element elementor-element-1b579820 elementor-widget__width-initial elementor-widget elementor-widget-heading\" data-id=\"1b579820\" data-element_type=\"widget\" data-widget_type=\"heading.default\">\n\t\t\t\t<div class=\"elementor-widget-container\">\n\t\t\t\t\t<h2 class=\"elementor-heading-title elementor-size-default\">Ihre Vorteile mit der App<\/h2>\t\t\t\t<\/div>\n\t\t\t\t<\/div>\n\t\t\t\t<div class=\"elementor-element elementor-element-4d201b4b elementor-widget elementor-widget-spacer\" data-id=\"4d201b4b\" data-element_type=\"widget\" data-widget_type=\"spacer.default\">\n\t\t\t\t<div class=\"elementor-widget-container\">\n\t\t\t\t\t\t\t<div class=\"elementor-spacer\">\n\t\t\t<div class=\"elementor-spacer-inner\"><\/div>\n\t\t<\/div>\n\t\t\t\t\t\t<\/div>\n\t\t\t\t<\/div>\n\t\t\t\t<div class=\"elementor-element elementor-element-5733df67 elementor-widget elementor-widget-text-editor\" data-id=\"5733df67\" data-element_type=\"widget\" data-widget_type=\"text-editor.default\">\n\t\t\t\t<div class=\"elementor-widget-container\">\n\t\t\t\t\t\t\t\t\t<p>Die Funktionen der Messe-App erh\u00f6ht Ihre Sichtbarkeit als Aussteller und als Ansprechpartner vor, w\u00e4hrend und nach der Messe. Die App ist mehr als nur ein Terminplanungs-Tool und mehr als nur eine Aussteller\u00fcbersicht. Sie erm\u00f6glicht es Ihnen, mit Kunden, Interessenten und potenziellen Partnern zu jedem Zeitpunkt in Kontakt zu treten.<\/p>\t\t\t\t\t\t\t\t<\/div>\n\t\t\t\t<\/div>\n\t\t\t\t<div class=\"elementor-element elementor-element-725ebfbd elementor-widget__width-initial elementor-widget elementor-widget-text-editor\" data-id=\"725ebfbd\" data-element_type=\"widget\" data-widget_type=\"text-editor.default\">\n\t\t\t\t<div class=\"elementor-widget-container\">\n\t\t\t\t\t\t\t\t\t<ul><li>Optimale<strong> Vernetzung:<\/strong>\u00a0Treten Sie einfach mit interessanten Fachleuten in Kontakt. Ob Besucher, Standpersonal, Firmen oder Speaker. Die Vernetzung ist durch die App jederzeit m\u00f6glich.<\/li><li><strong>Effiziente Terminplanung:<\/strong>\u00a0Die App unterst\u00fctzt Sie bei der Kommunikation und Terminplanung.<\/li><li><strong>Bleiben Sie organisiert, damit Sie nichts verpassen:<\/strong>\u00a0Behalten Sie den \u00dcberblick \u00fcber Ihren Zeitplan, Ihre Termine und die Vortr\u00e4ge, die Sie interessieren.<\/li><li><strong>Immer auf dem neuesten Stand:<\/strong>\u00a0Sie erhalten Ereignisaktualisierungen und Benachrichtigungen in Echtzeit.<\/li><li><strong>Personalisiertes Erlebnis:<\/strong> Nutzen Sie die ma\u00dfgeschneiderten Vorschl\u00e4ge, um Ihre Messeteilnahme auf Ihre individuellen Ziele abzustimmen.<\/li><li><strong>Leads erfassen mit Visit Connect:\u00a0<\/strong>Sie k\u00f6nnen direkt \u00fcber die App Besucher scannen und Ihre Leads bearbeiten.<\/li><\/ul>\t\t\t\t\t\t\t\t<\/div>\n\t\t\t\t<\/div>\n\t\t\t\t<div class=\"elementor-element elementor-element-20e019b1 elementor-widget elementor-widget-spacer\" data-id=\"20e019b1\" data-element_type=\"widget\" data-widget_type=\"spacer.default\">\n\t\t\t\t<div class=\"elementor-widget-container\">\n\t\t\t\t\t\t\t<div class=\"elementor-spacer\">\n\t\t\t<div class=\"elementor-spacer-inner\"><\/div>\n\t\t<\/div>\n\t\t\t\t\t\t<\/div>\n\t\t\t\t<\/div>\n\t\t\t\t\t<\/div>\n\t\t<\/div>\n\t\t\t\t<div class=\"elementor-column elementor-col-50 elementor-top-column elementor-element elementor-element-cc6f610\" data-id=\"cc6f610\" data-element_type=\"column\">\n\t\t\t<div class=\"elementor-widget-wrap elementor-element-populated\">\n\t\t\t\t\t\t<div class=\"elementor-element elementor-element-6da282a4 elementor-widget elementor-widget-spacer\" data-id=\"6da282a4\" data-element_type=\"widget\" data-widget_type=\"spacer.default\">\n\t\t\t\t<div class=\"elementor-widget-container\">\n\t\t\t\t\t\t\t<div class=\"elementor-spacer\">\n\t\t\t<div class=\"elementor-spacer-inner\"><\/div>\n\t\t<\/div>\n\t\t\t\t\t\t<\/div>\n\t\t\t\t<\/div>\n\t\t\t\t<div class=\"elementor-element elementor-element-16f4a494 elementor-widget__width-auto elementor-widget elementor-widget-image\" data-id=\"16f4a494\" data-element_type=\"widget\" data-widget_type=\"image.default\">\n\t\t\t\t<div class=\"elementor-widget-container\">\n\t\t\t\t\t\t\t\t\t\t\t\t\t\t\t<img fetchpriority=\"high\" decoding=\"async\" width=\"800\" height=\"800\" src=\"https:\/\/easyfairsassets.com\/sites\/266\/2025\/01\/Grip_Mobileview_aaa_digital-1024x1024.png\" class=\"attachment-large size-large wp-image-431498\" alt=\"\" srcset=\"https:\/\/easyfairsassets.com\/sites\/266\/2025\/01\/Grip_Mobileview_aaa_digital-1024x1024.png 1024w, https:\/\/easyfairsassets.com\/sites\/266\/2025\/01\/Grip_Mobileview_aaa_digital-300x300.png 300w, https:\/\/easyfairsassets.com\/sites\/266\/2025\/01\/Grip_Mobileview_aaa_digital-150x150.png 150w, https:\/\/easyfairsassets.com\/sites\/266\/2025\/01\/Grip_Mobileview_aaa_digital-768x768.png 768w, https:\/\/easyfairsassets.com\/sites\/266\/2025\/01\/Grip_Mobileview_aaa_digital-1536x1536.png 1536w, https:\/\/easyfairsassets.com\/sites\/266\/2025\/01\/Grip_Mobileview_aaa_digital.png 1920w\" sizes=\"(max-width: 800px) 100vw, 800px\" \/>\t\t\t\t\t\t\t\t\t\t\t\t\t\t\t<\/div>\n\t\t\t\t<\/div>\n\t\t\t\t\t<\/div>\n\t\t<\/div>\n\t\t\t\t\t<\/div>\n\t\t<\/section>\n\t\t\t\t<section class=\"elementor-section elementor-top-section elementor-element elementor-element-3ec0b9d3 elementor-section-boxed elementor-section-height-default elementor-section-height-default\" data-id=\"3ec0b9d3\" data-element_type=\"section\" data-settings=\"{&quot;background_background&quot;:&quot;classic&quot;}\">\n\t\t\t\t\t\t<div class=\"elementor-container elementor-column-gap-custom\">\n\t\t\t\t\t<div class=\"elementor-column elementor-col-50 elementor-top-column elementor-element elementor-element-1e946419\" data-id=\"1e946419\" data-element_type=\"column\" data-settings=\"{&quot;background_background&quot;:&quot;classic&quot;}\">\n\t\t\t<div class=\"elementor-widget-wrap elementor-element-populated\">\n\t\t\t\t\t\t<div class=\"elementor-element elementor-element-6f3b6c07 elementor-widget__width-initial elementor-widget elementor-widget-heading\" data-id=\"6f3b6c07\" data-element_type=\"widget\" data-widget_type=\"heading.default\">\n\t\t\t\t<div class=\"elementor-widget-container\">\n\t\t\t\t\t<h2 class=\"elementor-heading-title elementor-size-default\">Wie es funktioniert?<\/h2>\t\t\t\t<\/div>\n\t\t\t\t<\/div>\n\t\t\t\t<div class=\"elementor-element elementor-element-281c76dd elementor-widget elementor-widget-spacer\" data-id=\"281c76dd\" data-element_type=\"widget\" data-widget_type=\"spacer.default\">\n\t\t\t\t<div class=\"elementor-widget-container\">\n\t\t\t\t\t\t\t<div class=\"elementor-spacer\">\n\t\t\t<div class=\"elementor-spacer-inner\"><\/div>\n\t\t<\/div>\n\t\t\t\t\t\t<\/div>\n\t\t\t\t<\/div>\n\t\t\t\t<div class=\"elementor-element elementor-element-7f9b2ee5 elementor-widget__width-initial elementor-widget elementor-widget-text-editor\" data-id=\"7f9b2ee5\" data-element_type=\"widget\" data-widget_type=\"text-editor.default\">\n\t\t\t\t<div class=\"elementor-widget-container\">\n\t\t\t\t\t\t\t\t\t<ol><li><strong>Account freischalten:\u00a0<\/strong>Sie erhalten automatisch nach Aktivierung der App eine E-Mail, mit der Sie Ihr Konto in der App erstellen k\u00f6nnen.<\/li><li><strong>Registrieren Sie Ihr Standpersonal:<\/strong>\u00a0Anschlie\u00dfend k\u00f6nnen Sie auch Ihre Kollegen registrieren, die vor Ort sein werden.<br \/>\u00dcber die \u201cMein Team\u201d-Funktion k\u00f6nnen Sie Ihr Team verwalten. Hinweis: Die \u201cMein Team\u201d-Funktion ist nur \u00fcber die Desktopversion erreichbar.<\/li><li><strong>Richten Sie Ihr Profil ein:<\/strong>\u00a0Machen Sie Angaben zu Ihren Interessen und Ihrem Unternehmen.<\/li><li><strong>Beginnen Sie, Leute zu treffen:<\/strong>\u00a0Entdecken Sie Empfehlungen, kn\u00fcpfen Sie Kontakte zu anderen Fachleuten und planen Sie einige Treffen auf der Veranstaltung.<\/li><\/ol>\t\t\t\t\t\t\t\t<\/div>\n\t\t\t\t<\/div>\n\t\t\t\t<div class=\"elementor-element elementor-element-2dd2a101 elementor-widget elementor-widget-spacer\" data-id=\"2dd2a101\" data-element_type=\"widget\" data-widget_type=\"spacer.default\">\n\t\t\t\t<div class=\"elementor-widget-container\">\n\t\t\t\t\t\t\t<div class=\"elementor-spacer\">\n\t\t\t<div class=\"elementor-spacer-inner\"><\/div>\n\t\t<\/div>\n\t\t\t\t\t\t<\/div>\n\t\t\t\t<\/div>\n\t\t\t\t\t<\/div>\n\t\t<\/div>\n\t\t\t\t<div class=\"elementor-column elementor-col-50 elementor-top-column elementor-element elementor-element-3a3404e2\" data-id=\"3a3404e2\" data-element_type=\"column\">\n\t\t\t<div class=\"elementor-widget-wrap\">\n\t\t\t\t\t\t\t<\/div>\n\t\t<\/div>\n\t\t\t\t\t<\/div>\n\t\t<\/section>\n\t\t\t\t<section class=\"elementor-section elementor-top-section elementor-element elementor-element-fc2e898 elementor-hidden-desktop elementor-hidden-tablet elementor-hidden-mobile elementor-section-boxed elementor-section-height-default elementor-section-height-default\" data-id=\"fc2e898\" data-element_type=\"section\" data-settings=\"{&quot;background_background&quot;:&quot;classic&quot;}\">\n\t\t\t\t\t\t<div class=\"elementor-container elementor-column-gap-custom\">\n\t\t\t\t\t<div class=\"elementor-column elementor-col-50 elementor-top-column elementor-element elementor-element-3e2d908\" data-id=\"3e2d908\" data-element_type=\"column\" data-settings=\"{&quot;background_background&quot;:&quot;classic&quot;}\">\n\t\t\t<div class=\"elementor-widget-wrap elementor-element-populated\">\n\t\t\t\t\t\t<div class=\"elementor-element elementor-element-95ddfaa elementor-widget__width-initial elementor-widget elementor-widget-heading\" data-id=\"95ddfaa\" data-element_type=\"widget\" data-widget_type=\"heading.default\">\n\t\t\t\t<div class=\"elementor-widget-container\">\n\t\t\t\t\t<h2 class=\"elementor-heading-title elementor-size-default\">Wie es funktioniert?<\/h2>\t\t\t\t<\/div>\n\t\t\t\t<\/div>\n\t\t\t\t<div class=\"elementor-element elementor-element-24e90f1 elementor-widget elementor-widget-spacer\" data-id=\"24e90f1\" data-element_type=\"widget\" data-widget_type=\"spacer.default\">\n\t\t\t\t<div class=\"elementor-widget-container\">\n\t\t\t\t\t\t\t<div class=\"elementor-spacer\">\n\t\t\t<div class=\"elementor-spacer-inner\"><\/div>\n\t\t<\/div>\n\t\t\t\t\t\t<\/div>\n\t\t\t\t<\/div>\n\t\t\t\t<div class=\"elementor-element elementor-element-a851363 elementor-widget__width-initial elementor-widget elementor-widget-text-editor\" data-id=\"a851363\" data-element_type=\"widget\" data-widget_type=\"text-editor.default\">\n\t\t\t\t<div class=\"elementor-widget-container\">\n\t\t\t\t\t\t\t\t\t<ol><li style=\"font-size: 16px;\"><span style=\"font-size: 16px; font-style: var(--e-global-typography-secondary-font-style) !important; font-weight: var(--e-global-typography-secondary-font-weight) !important; font-family: var(--e-global-typography-secondary-font-family) !important; text-transform: var(--e-global-typography-secondary-text-transform) !important; text-decoration: var(--e-global-typography-secondary-text-decoration) !important;\">Account freischalten:\u00a0<\/span>Sie erhalten automatisch nach Aktivierung der App eine E-Mail, mit der Sie Ihr Konto in der App erstellen k\u00f6nnen.<\/li><li style=\"font-size: 16px;\"><span style=\"font-size: 16px; font-style: var(--e-global-typography-secondary-font-style) !important; font-weight: var(--e-global-typography-secondary-font-weight) !important; font-family: var(--e-global-typography-secondary-font-family) !important; text-transform: var(--e-global-typography-secondary-text-transform) !important; text-decoration: var(--e-global-typography-secondary-text-decoration) !important;\">Registrieren Sie Ihr Standpersonal:<\/span>\u00a0Anschlie\u00dfend k\u00f6nnen Sie auch Ihre Kollegen registrieren, die vor Ort sein werden.<br \/>\u00dcber die \u201cMein Team\u201d-Funktion k\u00f6nnen Sie Ihr Team verwalten. Hinweis: Die \u201cMein Team\u201d-Funktion ist nur \u00fcber die <a href=\"https:\/\/matchmaking.grip.events\/aaafriedrichshafen2025\">Desktopversion<\/a> erreichbar.<\/li><li><strong>Laden Sie die App herunter:<\/strong>\u00a0Laden Sie die App \u00fcber\u00a0<strong><a href=\"https:\/\/8tpa5.app.link\/aaaMaintain\" data-cmp-ab=\"2\">diesen Link<\/a><\/strong>\u00a0auf Ihr Smartphone, um sie zu installieren oder <br \/>scannen Sie nebenstehenden QR-Code direkt mit Ihrem Smartphone.<\/li><li style=\"font-size: 16px; margin-block: 0px; background: transparent;\"><span style=\"font-size: 16px; font-weight: bolder;\">Richten Sie Ihr Profil ein:<\/span>\u00a0Erz\u00e4hlen Sie uns von Ihren Interessen, Ihrer Unternehmenst\u00e4tigkeit und was Sie w\u00e4hrend der Veranstaltung suchen.<\/li><li style=\"font-size: 16px;\"><span style=\"font-size: 16px; font-style: var(--e-global-typography-secondary-font-style) !important; font-weight: var(--e-global-typography-secondary-font-weight) !important; font-family: var(--e-global-typography-secondary-font-family) !important; text-transform: var(--e-global-typography-secondary-text-transform) !important; text-decoration: var(--e-global-typography-secondary-text-decoration) !important;\">Beginnen Sie, Leute zu treffen:<\/span>\u00a0Entdecken Sie Empfehlungen, kn\u00fcpfen Sie Kontakte zu anderen Fachleuten und planen Sie einige Treffen auf der Veranstaltung.<\/li><\/ol><div>\u00a0<\/div>\t\t\t\t\t\t\t\t<\/div>\n\t\t\t\t<\/div>\n\t\t\t\t<div class=\"elementor-element elementor-element-e388e4d elementor-widget elementor-widget-spacer\" data-id=\"e388e4d\" data-element_type=\"widget\" data-widget_type=\"spacer.default\">\n\t\t\t\t<div class=\"elementor-widget-container\">\n\t\t\t\t\t\t\t<div class=\"elementor-spacer\">\n\t\t\t<div class=\"elementor-spacer-inner\"><\/div>\n\t\t<\/div>\n\t\t\t\t\t\t<\/div>\n\t\t\t\t<\/div>\n\t\t\t\t\t<\/div>\n\t\t<\/div>\n\t\t\t\t<div class=\"elementor-column elementor-col-50 elementor-top-column elementor-element elementor-element-c65f251\" data-id=\"c65f251\" data-element_type=\"column\">\n\t\t\t<div class=\"elementor-widget-wrap elementor-element-populated\">\n\t\t\t\t\t\t<div class=\"elementor-element elementor-element-ca3239d elementor-widget elementor-widget-image\" data-id=\"ca3239d\" data-element_type=\"widget\" data-widget_type=\"image.default\">\n\t\t\t\t<div class=\"elementor-widget-container\">\n\t\t\t\t\t\t\t\t\t\t\t\t\t\t\t<img decoding=\"async\" width=\"300\" height=\"300\" src=\"https:\/\/easyfairsassets.com\/sites\/266\/2025\/01\/qr-code_Grip_aaa_EXH-300x300.png\" class=\"attachment-medium size-medium wp-image-431581\" alt=\"\" srcset=\"https:\/\/easyfairsassets.com\/sites\/266\/2025\/01\/qr-code_Grip_aaa_EXH-300x300.png 300w, https:\/\/easyfairsassets.com\/sites\/266\/2025\/01\/qr-code_Grip_aaa_EXH-150x150.png 150w, https:\/\/easyfairsassets.com\/sites\/266\/2025\/01\/qr-code_Grip_aaa_EXH-768x768.png 768w, https:\/\/easyfairsassets.com\/sites\/266\/2025\/01\/qr-code_Grip_aaa_EXH.png 781w\" sizes=\"(max-width: 300px) 100vw, 300px\" \/>\t\t\t\t\t\t\t\t\t\t\t\t\t\t\t<\/div>\n\t\t\t\t<\/div>\n\t\t\t\t\t<\/div>\n\t\t<\/div>\n\t\t\t\t\t<\/div>\n\t\t<\/section>\n\t\t\t\t<section class=\"elementor-section elementor-top-section elementor-element elementor-element-4cd45802 elementor-section-boxed elementor-section-height-default elementor-section-height-default\" data-id=\"4cd45802\" data-element_type=\"section\">\n\t\t\t\t\t\t<div class=\"elementor-container elementor-column-gap-default\">\n\t\t\t\t\t<div class=\"elementor-column elementor-col-100 elementor-top-column elementor-element elementor-element-3877bac4\" data-id=\"3877bac4\" data-element_type=\"column\">\n\t\t\t<div class=\"elementor-widget-wrap elementor-element-populated\">\n\t\t\t\t\t\t<div class=\"elementor-element elementor-element-711ca92f elementor-widget elementor-widget-spacer\" data-id=\"711ca92f\" data-element_type=\"widget\" data-widget_type=\"spacer.default\">\n\t\t\t\t<div class=\"elementor-widget-container\">\n\t\t\t\t\t\t\t<div class=\"elementor-spacer\">\n\t\t\t<div class=\"elementor-spacer-inner\"><\/div>\n\t\t<\/div>\n\t\t\t\t\t\t<\/div>\n\t\t\t\t<\/div>\n\t\t\t\t\t<\/div>\n\t\t<\/div>\n\t\t\t\t\t<\/div>\n\t\t<\/section>\n\t\t\t\t<section class=\"elementor-section elementor-top-section elementor-element elementor-element-72f85c89 elementor-section-boxed elementor-section-height-default elementor-section-height-default\" data-id=\"72f85c89\" data-element_type=\"section\">\n\t\t\t\t\t\t<div class=\"elementor-container elementor-column-gap-default\">\n\t\t\t\t\t<div class=\"elementor-column elementor-col-100 elementor-top-column elementor-element elementor-element-2fa8c8b2\" data-id=\"2fa8c8b2\" data-element_type=\"column\">\n\t\t\t<div class=\"elementor-widget-wrap elementor-element-populated\">\n\t\t\t\t\t\t<div class=\"elementor-element elementor-element-2ca87a3b elementor-widget elementor-widget-heading\" data-id=\"2ca87a3b\" data-element_type=\"widget\" data-widget_type=\"heading.default\">\n\t\t\t\t<div class=\"elementor-widget-container\">\n\t\t\t\t\t<h2 class=\"elementor-heading-title elementor-size-default\">Links<\/h2>\t\t\t\t<\/div>\n\t\t\t\t<\/div>\n\t\t\t\t<div class=\"elementor-element elementor-element-314b3e6e elementor-icon-list--layout-inline elementor-list-item-link-full_width elementor-widget elementor-widget-icon-list\" data-id=\"314b3e6e\" data-element_type=\"widget\" data-widget_type=\"icon-list.default\">\n\t\t\t\t<div class=\"elementor-widget-container\">\n\t\t\t\t\t\t\t<ul class=\"elementor-icon-list-items elementor-inline-items\">\n\t\t\t\t\t\t\t<li class=\"elementor-icon-list-item elementor-inline-item\">\n\t\t\t\t\t\t\t\t\t\t\t<a href=\"https:\/\/easyfairsassets.com\/sites\/266\/2025\/01\/App-Guide_EXH_FAQ-1.pdf\" target=\"_blank\">\n\n\t\t\t\t\t\t\t\t\t\t\t<span class=\"elementor-icon-list-text\"><b>1.<\/b> FAQ<\/span>\n\t\t\t\t\t\t\t\t\t\t\t<\/a>\n\t\t\t\t\t\t\t\t\t<\/li>\n\t\t\t\t\t\t\t\t<li class=\"elementor-icon-list-item elementor-inline-item\">\n\t\t\t\t\t\t\t\t\t\t\t<a href=\"https:\/\/easyfairsassets.com\/sites\/266\/2025\/01\/App-Guide_EXH_Unternehmen-verwalten-1.pdf\" target=\"_blank\">\n\n\t\t\t\t\t\t\t\t\t\t\t<span class=\"elementor-icon-list-text\"><b>2.<\/b> MeinTeam-Guide<\/span>\n\t\t\t\t\t\t\t\t\t\t\t<\/a>\n\t\t\t\t\t\t\t\t\t<\/li>\n\t\t\t\t\t\t<\/ul>\n\t\t\t\t\t\t<\/div>\n\t\t\t\t<\/div>\n\t\t\t\t\t<\/div>\n\t\t<\/div>\n\t\t\t\t\t<\/div>\n\t\t<\/section>\n\t\t\t\t<section class=\"elementor-section elementor-top-section elementor-element elementor-element-573ef12 elementor-section-boxed elementor-section-height-default elementor-section-height-default\" data-id=\"573ef12\" data-element_type=\"section\">\n\t\t\t\t\t\t<div class=\"elementor-container elementor-column-gap-default\">\n\t\t\t\t\t<div class=\"elementor-column elementor-col-100 elementor-top-column elementor-element elementor-element-553645bf\" data-id=\"553645bf\" data-element_type=\"column\">\n\t\t\t<div class=\"elementor-widget-wrap elementor-element-populated\">\n\t\t\t\t\t\t<div class=\"elementor-element elementor-element-14ad2a7c elementor-widget elementor-widget-spacer\" data-id=\"14ad2a7c\" data-element_type=\"widget\" data-widget_type=\"spacer.default\">\n\t\t\t\t<div class=\"elementor-widget-container\">\n\t\t\t\t\t\t\t<div class=\"elementor-spacer\">\n\t\t\t<div class=\"elementor-spacer-inner\"><\/div>\n\t\t<\/div>\n\t\t\t\t\t\t<\/div>\n\t\t\t\t<\/div>\n\t\t\t\t\t<\/div>\n\t\t<\/div>\n\t\t\t\t\t<\/div>\n\t\t<\/section>\n\t\t\t\t<section class=\"elementor-section elementor-top-section elementor-element elementor-element-69351d99 elementor-section-boxed elementor-section-height-default elementor-section-height-default\" data-id=\"69351d99\" data-element_type=\"section\">\n\t\t\t\t\t\t<div class=\"elementor-container elementor-column-gap-default\">\n\t\t\t\t\t<div class=\"elementor-column elementor-col-100 elementor-top-column elementor-element elementor-element-5b1cd022\" data-id=\"5b1cd022\" data-element_type=\"column\">\n\t\t\t<div class=\"elementor-widget-wrap\">\n\t\t\t\t\t\t\t<\/div>\n\t\t<\/div>\n\t\t\t\t\t<\/div>\n\t\t<\/section>\n\t\t\t\t<\/div>\n\t\t","protected":false},"excerpt":{"rendered":"<p>Die APP zur Messe Mehr Performance mit der neuen Messe-App Auf einen Blick Ihre Vorteile mit der App Die Funktionen der Messe-App erh\u00f6ht Ihre Sichtbarkeit als Aussteller und als Ansprechpartner vor, w\u00e4hrend und nach der Messe. Die App ist mehr als nur ein Terminplanungs-Tool und mehr als nur eine Aussteller\u00fcbersicht. Sie erm\u00f6glicht es Ihnen, mit [&hellip;]<\/p>\n","protected":false},"author":64,"featured_media":0,"parent":0,"menu_order":0,"comment_status":"closed","ping_status":"closed","template":"","meta":{"_seopress_robots_primary_cat":"","_seopress_titles_title":"Die Messe-App f\u00fcr Aussteller zur all about automation","_seopress_titles_desc":"Diese App ist Planungs- und Matchmaking-Tool. Optimieren Sie Ihr Messe-Erlebnis vor, w\u00e4hrend und nach der Veranstaltung. \r\n","_seopress_robots_index":"","footnotes":""},"class_list":["post-431494","page","type-page","status-publish","hentry"],"_links":{"self":[{"href":"https:\/\/www.allaboutautomation.de\/de\/wp-json\/wp\/v2\/pages\/431494","targetHints":{"allow":["GET"]}}],"collection":[{"href":"https:\/\/www.allaboutautomation.de\/de\/wp-json\/wp\/v2\/pages"}],"about":[{"href":"https:\/\/www.allaboutautomation.de\/de\/wp-json\/wp\/v2\/types\/page"}],"author":[{"embeddable":true,"href":"https:\/\/www.allaboutautomation.de\/de\/wp-json\/wp\/v2\/users\/64"}],"replies":[{"embeddable":true,"href":"https:\/\/www.allaboutautomation.de\/de\/wp-json\/wp\/v2\/comments?post=431494"}],"version-history":[{"count":5,"href":"https:\/\/www.allaboutautomation.de\/de\/wp-json\/wp\/v2\/pages\/431494\/revisions"}],"predecessor-version":[{"id":437473,"href":"https:\/\/www.allaboutautomation.de\/de\/wp-json\/wp\/v2\/pages\/431494\/revisions\/437473"}],"wp:attachment":[{"href":"https:\/\/www.allaboutautomation.de\/de\/wp-json\/wp\/v2\/media?parent=431494"}],"curies":[{"name":"wp","href":"https:\/\/api.w.org\/{rel}","templated":true}]}}