{"id":3302,"date":"2020-07-29T11:04:23","date_gmt":"2020-07-29T09:04:23","guid":{"rendered":"https:\/\/www.allaboutautomation.de\/?page_id=3302"},"modified":"2022-03-20T23:07:27","modified_gmt":"2022-03-20T22:07:27","slug":"informationen-zum-gesundheitsschutz","status":"publish","type":"page","link":"https:\/\/www.allaboutautomation.de\/de\/informationen-zum-gesundheitsschutz\/","title":{"rendered":"Informationen zum Gesundheitsschutz"},"content":{"rendered":"\t\t<div data-elementor-type=\"wp-page\" data-elementor-id=\"3302\" class=\"elementor elementor-3302\" data-elementor-post-type=\"page\">\n\t\t\t\t\t\t<section class=\"elementor-section elementor-top-section elementor-element elementor-element-947388d elementor-section-boxed elementor-section-height-default elementor-section-height-default\" data-id=\"947388d\" data-element_type=\"section\">\n\t\t\t\t\t\t<div class=\"elementor-container elementor-column-gap-default\">\n\t\t\t\t\t<div class=\"elementor-column elementor-col-100 elementor-top-column elementor-element elementor-element-9a2e664\" data-id=\"9a2e664\" data-element_type=\"column\">\n\t\t\t<div class=\"elementor-widget-wrap elementor-element-populated\">\n\t\t\t\t\t\t<div class=\"elementor-element elementor-element-9da392c elementor-widget elementor-widget-heading\" data-id=\"9da392c\" data-element_type=\"widget\" data-widget_type=\"heading.default\">\n\t\t\t\t<div class=\"elementor-widget-container\">\n\t\t\t\t\t<h1 class=\"elementor-heading-title elementor-size-default\">Informationen zum Gesundheitsschutz<\/h1>\t\t\t\t<\/div>\n\t\t\t\t<\/div>\n\t\t\t\t<section class=\"elementor-section elementor-inner-section elementor-element elementor-element-148f222 elementor-section-full_width elementor-section-height-default elementor-section-height-default\" data-id=\"148f222\" data-element_type=\"section\">\n\t\t\t\t\t\t<div class=\"elementor-container elementor-column-gap-default\">\n\t\t\t\t\t<div class=\"elementor-column elementor-col-33 elementor-inner-column elementor-element elementor-element-81cbc9f\" data-id=\"81cbc9f\" data-element_type=\"column\">\n\t\t\t<div class=\"elementor-widget-wrap elementor-element-populated\">\n\t\t\t\t\t\t<div class=\"elementor-element elementor-element-c06f2a4 elementor-widget elementor-widget-image\" data-id=\"c06f2a4\" data-element_type=\"widget\" data-widget_type=\"image.default\">\n\t\t\t\t<div class=\"elementor-widget-container\">\n\t\t\t\t\t\t\t\t\t\t\t\t\t\t\t<img fetchpriority=\"high\" decoding=\"async\" width=\"600\" height=\"200\" src=\"https:\/\/easyfairsassets.com\/sites\/266\/2020\/07\/sptm-web.jpg\" class=\"attachment-large size-large wp-image-3304\" alt=\"\" srcset=\"https:\/\/easyfairsassets.com\/sites\/266\/2020\/07\/sptm-web.jpg 600w, https:\/\/easyfairsassets.com\/sites\/266\/2020\/07\/sptm-web-300x100.jpg 300w\" sizes=\"(max-width: 600px) 100vw, 600px\" \/>\t\t\t\t\t\t\t\t\t\t\t\t\t\t\t<\/div>\n\t\t\t\t<\/div>\n\t\t\t\t\t<\/div>\n\t\t<\/div>\n\t\t\t\t<div class=\"elementor-column elementor-col-33 elementor-inner-column elementor-element elementor-element-12dfab0\" data-id=\"12dfab0\" data-element_type=\"column\">\n\t\t\t<div class=\"elementor-widget-wrap\">\n\t\t\t\t\t\t\t<\/div>\n\t\t<\/div>\n\t\t\t\t<div class=\"elementor-column elementor-col-33 elementor-inner-column elementor-element elementor-element-cdccbee\" data-id=\"cdccbee\" data-element_type=\"column\">\n\t\t\t<div class=\"elementor-widget-wrap\">\n\t\t\t\t\t\t\t<\/div>\n\t\t<\/div>\n\t\t\t\t\t<\/div>\n\t\t<\/section>\n\t\t\t\t<section class=\"elementor-section elementor-inner-section elementor-element elementor-element-ff1d7f3 elementor-section-full_width elementor-section-height-default elementor-section-height-default\" data-id=\"ff1d7f3\" data-element_type=\"section\">\n\t\t\t\t\t\t<div class=\"elementor-container elementor-column-gap-default\">\n\t\t\t\t\t<div class=\"elementor-column elementor-col-100 elementor-inner-column elementor-element elementor-element-92dd919\" data-id=\"92dd919\" data-element_type=\"column\">\n\t\t\t<div class=\"elementor-widget-wrap elementor-element-populated\">\n\t\t\t\t\t\t<div class=\"elementor-element elementor-element-f1a8181 elementor-widget elementor-widget-text-editor\" data-id=\"f1a8181\" data-element_type=\"widget\" data-widget_type=\"text-editor.default\">\n\t\t\t\t<div class=\"elementor-widget-container\">\n\t\t\t\t\t\t\t\t\t<p>Stand:<b>\u00a019.03.2022<\/b><\/p>\t\t\t\t\t\t\t\t<\/div>\n\t\t\t\t<\/div>\n\t\t\t\t<div class=\"elementor-element elementor-element-8db8600 elementor-widget elementor-widget-text-editor\" data-id=\"8db8600\" data-element_type=\"widget\" data-widget_type=\"text-editor.default\">\n\t\t\t\t<div class=\"elementor-widget-container\">\n\t\t\t\t\t\t\t\t\t<p>The Safest Place To Meet steht \u00fcber dem Schutzkonzept f\u00fcr die all about automation. Solange es die Covid19-Situation erfordert wird mit diesem Konzept die Messe f\u00fcr Besucher, Aussteller und Mitarbeiter kontrolliert und sicher durchgef\u00fchrt.\u00a0<span style=\"font-size: 1rem\">Die Festlegung der Zulassungsvoraussetzungen f\u00fcr das Veranstalten von Messen erfolgt in den\u00a0 Corona-Verordnungen auf Bundes- bzw. L\u00e4nderebene. Das messespezifische Konzept wird den jeweils aktuellen Anforderungen angepasst und bei den \u00f6rtlichen Beh\u00f6rden genehmigt. Je nach Vorschrift k\u00f6nnen zum dem Konzept geh\u00f6ren:<\/span><span style=\"font-size: 1rem\">\u00a0Zutrittsregelung (2G, 3G, etc.), Maskenpflicht bzw. Masken-Empfehlung, Ma\u00dfnahmen zur Personendichte und zur Einhaltung des Mindestabstands, hohe Hygienestandards und die Nachverfolgung von Kontakten.\u00a0<\/span><\/p><p><span style=\"font-size: 1rem\">Als Veranstalter haben wir mit\u00a0 zahlreichen w\u00e4hrend der Pandemie realisierten Messen gro\u00dfe Erfahrung bei der erfolgreichen Durchf\u00fchrung von Messen mit Schutz- und Hygienekonzept.<\/span><\/p>\t\t\t\t\t\t\t\t<\/div>\n\t\t\t\t<\/div>\n\t\t\t\t<div class=\"elementor-element elementor-element-cdb6439 elementor-widget elementor-widget-text-editor\" data-id=\"cdb6439\" data-element_type=\"widget\" data-widget_type=\"text-editor.default\">\n\t\t\t\t<div class=\"elementor-widget-container\">\n\t\t\t\t\t\t\t\t\t<p>Sofern Schutzverordnungen gelten finden Sie diese auf den messebezogenen Seiten:<\/p>\n<ul>\n<li><a href=\"https:\/\/www.automation-friedrichshafen.com\" target=\"_blank\" rel=\"noopener\">all about automation in Friedrichshafen, 5. + 6. April 2022<\/a><\/li>\n<li><a href=\"http:\/\/www.automation-d\u00fcsseldorf.de\" target=\"_blank\" rel=\"noopener\">all about automation in D\u00fcsseldorf, 11. + 12. Mai 2022<\/a><\/li>\n<li><a href=\"http:\/\/www.automation-heilbronn.de\">all about automation in Heilbronn, 18. + 19. Mai 2022<\/a><\/li>\n<li><a href=\"https:\/\/www.automation-hamburg.de\" target=\"_blank\" rel=\"noopener\">all about automation in Hamburg, 29. + 30. Juni 2022<\/a><\/li>\n<li><a href=\"http:\/\/www.automation-zuerich.ch\">all about automation in Z\u00fcrich, 31. August + 1. September 2022<\/a><\/li>\n<li><a href=\"http:\/\/www.automation-chemnitz.de\">all about automation in Chemnitz, 28. + 29. September 2022<\/a><\/li>\n<\/ul>\t\t\t\t\t\t\t\t<\/div>\n\t\t\t\t<\/div>\n\t\t\t\t\t<\/div>\n\t\t<\/div>\n\t\t\t\t\t<\/div>\n\t\t<\/section>\n\t\t\t\t\t<\/div>\n\t\t<\/div>\n\t\t\t\t\t<\/div>\n\t\t<\/section>\n\t\t\t\t<section class=\"elementor-section elementor-top-section elementor-element elementor-element-9a66075 elementor-hidden-desktop elementor-hidden-tablet elementor-hidden-mobile elementor-section-boxed elementor-section-height-default elementor-section-height-default\" data-id=\"9a66075\" data-element_type=\"section\">\n\t\t\t\t\t\t<div class=\"elementor-container elementor-column-gap-default\">\n\t\t\t\t\t<div class=\"elementor-column elementor-col-50 elementor-top-column elementor-element elementor-element-5f55e01\" data-id=\"5f55e01\" data-element_type=\"column\">\n\t\t\t<div class=\"elementor-widget-wrap elementor-element-populated\">\n\t\t\t\t\t\t<div class=\"elementor-element elementor-element-e739517 elementor-widget elementor-widget-image\" data-id=\"e739517\" data-element_type=\"widget\" data-widget_type=\"image.default\">\n\t\t\t\t<div class=\"elementor-widget-container\">\n\t\t\t\t\t\t\t\t\t\t\t\t\t\t\t<img decoding=\"async\" width=\"212\" height=\"300\" src=\"https:\/\/easyfairsassets.com\/sites\/266\/2021\/08\/AAA-guidelines-allgemein-schutzkonzept-2021-08-05c-1_Cover-212x300.png\" class=\"attachment-medium size-medium wp-image-29516\" alt=\"\" srcset=\"https:\/\/easyfairsassets.com\/sites\/266\/2021\/08\/AAA-guidelines-allgemein-schutzkonzept-2021-08-05c-1_Cover-212x300.png 212w, https:\/\/easyfairsassets.com\/sites\/266\/2021\/08\/AAA-guidelines-allgemein-schutzkonzept-2021-08-05c-1_Cover-724x1024.png 724w, https:\/\/easyfairsassets.com\/sites\/266\/2021\/08\/AAA-guidelines-allgemein-schutzkonzept-2021-08-05c-1_Cover-768x1087.png 768w, https:\/\/easyfairsassets.com\/sites\/266\/2021\/08\/AAA-guidelines-allgemein-schutzkonzept-2021-08-05c-1_Cover-1086x1536.png 1086w, https:\/\/easyfairsassets.com\/sites\/266\/2021\/08\/AAA-guidelines-allgemein-schutzkonzept-2021-08-05c-1_Cover.png 1357w\" sizes=\"(max-width: 212px) 100vw, 212px\" \/>\t\t\t\t\t\t\t\t\t\t\t\t\t\t\t<\/div>\n\t\t\t\t<\/div>\n\t\t\t\t\t<\/div>\n\t\t<\/div>\n\t\t\t\t<div class=\"elementor-column elementor-col-50 elementor-top-column elementor-element elementor-element-0046138\" data-id=\"0046138\" data-element_type=\"column\">\n\t\t\t<div class=\"elementor-widget-wrap elementor-element-populated\">\n\t\t\t\t\t\t<div class=\"elementor-element elementor-element-47bcdf4 elementor-widget elementor-widget-heading\" data-id=\"47bcdf4\" data-element_type=\"widget\" data-widget_type=\"heading.default\">\n\t\t\t\t<div class=\"elementor-widget-container\">\n\t\t\t\t\t<h6 class=\"elementor-heading-title elementor-size-default\"><span>GESAMTKONZEPT: THE SAFEST PLACE TO MEET - SICHERHEITS- UND GESUNDHEITSSTANDARDS DER ALL ABOUT AUTOMATION<\/span><\/h6>\t\t\t\t<\/div>\n\t\t\t\t<\/div>\n\t\t\t\t<div class=\"elementor-element elementor-element-53ffa51 elementor-widget elementor-widget-text-editor\" data-id=\"53ffa51\" data-element_type=\"widget\" data-widget_type=\"text-editor.default\">\n\t\t\t\t<div class=\"elementor-widget-container\">\n\t\t\t\t\t\t\t\t\t<p>Die in den Bundesl\u00e4ndern jeweils geltenden Corona-Verordnungen mit den f\u00fcr Messen und Veranstaltungen einschl\u00e4gigen Normen und \u00d6ffnungspl\u00e4nen sind Basis f\u00fcr die Ausgestaltung des Schutz- und Hygienekonzeptes. Eventuelle \u00c4nderungen bis zum Messezeitpunkt werden zeitnah angepasst.\u00a0Bitte vergleichen Sie daher vor einer Messeteilnahme, ob Sie noch die aktuelle Version unseres Hygiene- und Schutzkonzeptes vorliegen haben.<\/p><p><a title=\"https:\/\/www.sgsgroup.de\/\" href=\"https:\/\/www.sgsgroup.de\/\" target=\"_blank\" rel=\"noreferrer noopener\" data-cke-saved-href=\"https:\/\/www.sgsgroup.de\/\">SGS<\/a>, eines der weltweit f\u00fchrenden Inspektions-, Pr\u00fcf-, Test- und Zertifizierungsunternehmen, pr\u00fcft die Einhaltung und zertifiziert das Sicherheits- und Hygienekonzept\u00a0w\u00e4hrend\u00a0der\u00a0Messelaufzeit.<\/p>\t\t\t\t\t\t\t\t<\/div>\n\t\t\t\t<\/div>\n\t\t\t\t<div class=\"elementor-element elementor-element-8a36fb9 elementor-widget elementor-widget-button\" data-id=\"8a36fb9\" data-element_type=\"widget\" data-widget_type=\"button.default\">\n\t\t\t\t<div class=\"elementor-widget-container\">\n\t\t\t\t\t\t\t\t\t<div class=\"elementor-button-wrapper\">\n\t\t\t\t\t<a class=\"elementor-button elementor-button-link elementor-size-sm\" href=\"https:\/\/all-about-automation-de.easyfairs-internal\/wp-content\/uploads\/sites\/266\/2021\/08\/AAA-guidelines-allgemein-schutzkonzept-2021-08-05c.pdf\">\n\t\t\t\t\t\t<span class=\"elementor-button-content-wrapper\">\n\t\t\t\t\t\t<span class=\"elementor-button-icon\">\n\t\t\t\t<i aria-hidden=\"true\" class=\"fas fa-download\"><\/i>\t\t\t<\/span>\n\t\t\t\t\t\t\t\t\t<span class=\"elementor-button-text\">Zum Download<\/span>\n\t\t\t\t\t<\/span>\n\t\t\t\t\t<\/a>\n\t\t\t\t<\/div>\n\t\t\t\t\t\t\t\t<\/div>\n\t\t\t\t<\/div>\n\t\t\t\t\t<\/div>\n\t\t<\/div>\n\t\t\t\t\t<\/div>\n\t\t<\/section>\n\t\t\t\t<section class=\"elementor-section elementor-top-section elementor-element elementor-element-9f68baf elementor-section-boxed elementor-section-height-default elementor-section-height-default\" data-id=\"9f68baf\" data-element_type=\"section\">\n\t\t\t\t\t\t<div class=\"elementor-container elementor-column-gap-default\">\n\t\t\t\t\t<div class=\"elementor-column elementor-col-100 elementor-top-column elementor-element elementor-element-2f2ce18\" data-id=\"2f2ce18\" data-element_type=\"column\">\n\t\t\t<div class=\"elementor-widget-wrap elementor-element-populated\">\n\t\t\t\t\t\t<div class=\"elementor-element elementor-element-02852f6 elementor-widget elementor-widget-text-editor\" data-id=\"02852f6\" data-element_type=\"widget\" data-widget_type=\"text-editor.default\">\n\t\t\t\t<div class=\"elementor-widget-container\">\n\t\t\t\t\t\t\t\t\t<p>Selbstverst\u00e4ndlich stehen wir bez\u00fcglich aller Schutz- und Hygiene-Ma\u00dfnahmen im engen Kontakt zu den Messepl\u00e4tzen und den zust\u00e4ndigen Beh\u00f6rden.\u00a0Bei Fragen stehen wir Ihnen gerne zur Verf\u00fcgung. Per E-Mail an <a href=\"mailto:aaa-messe@easyfairs.com\">aaa-messe@easyfairs.com<\/a> oder Telefon +49 711 217267 23.<\/p><p>Vielen Dank f\u00fcr Ihr Vertrauen!<br \/>Ihr all about automation Team<\/p><p><span style=\"font-size: 15px\">\u00a0<\/span><\/p>\t\t\t\t\t\t\t\t<\/div>\n\t\t\t\t<\/div>\n\t\t\t\t\t<\/div>\n\t\t<\/div>\n\t\t\t\t\t<\/div>\n\t\t<\/section>\n\t\t\t\t<\/div>\n\t\t","protected":false},"excerpt":{"rendered":"<p>Informationen zum Gesundheitsschutz Stand:\u00a019.03.2022 The Safest Place To Meet steht \u00fcber dem Schutzkonzept f\u00fcr die all about automation. Solange es die Covid19-Situation erfordert wird mit diesem Konzept die Messe f\u00fcr Besucher, Aussteller und Mitarbeiter kontrolliert und sicher durchgef\u00fchrt.\u00a0Die Festlegung der Zulassungsvoraussetzungen f\u00fcr das Veranstalten von Messen erfolgt in den\u00a0 Corona-Verordnungen auf Bundes- bzw. L\u00e4nderebene. Das [&hellip;]<\/p>\n","protected":false},"author":1,"featured_media":0,"parent":0,"menu_order":0,"comment_status":"closed","ping_status":"closed","template":"","meta":{"_seopress_robots_primary_cat":"","_seopress_titles_title":"all about automation | Gesundheitschutz","_seopress_titles_desc":"Informationen zu den Sicherheits- und Gesundheitsstandards auf den all about automation Messen","_seopress_robots_index":"","footnotes":""},"class_list":["post-3302","page","type-page","status-publish","hentry"],"_links":{"self":[{"href":"https:\/\/www.allaboutautomation.de\/de\/wp-json\/wp\/v2\/pages\/3302","targetHints":{"allow":["GET"]}}],"collection":[{"href":"https:\/\/www.allaboutautomation.de\/de\/wp-json\/wp\/v2\/pages"}],"about":[{"href":"https:\/\/www.allaboutautomation.de\/de\/wp-json\/wp\/v2\/types\/page"}],"author":[{"embeddable":true,"href":"https:\/\/www.allaboutautomation.de\/de\/wp-json\/wp\/v2\/users\/1"}],"replies":[{"embeddable":true,"href":"https:\/\/www.allaboutautomation.de\/de\/wp-json\/wp\/v2\/comments?post=3302"}],"version-history":[{"count":10,"href":"https:\/\/www.allaboutautomation.de\/de\/wp-json\/wp\/v2\/pages\/3302\/revisions"}],"predecessor-version":[{"id":47259,"href":"https:\/\/www.allaboutautomation.de\/de\/wp-json\/wp\/v2\/pages\/3302\/revisions\/47259"}],"wp:attachment":[{"href":"https:\/\/www.allaboutautomation.de\/de\/wp-json\/wp\/v2\/media?parent=3302"}],"curies":[{"name":"wp","href":"https:\/\/api.w.org\/{rel}","templated":true}]}}